{"id":2847,"date":"2024-08-07T07:34:57","date_gmt":"2024-08-07T07:34:57","guid":{"rendered":"https:\/\/clinica-urologie.ro\/?page_id=2847"},"modified":"2024-08-07T07:36:12","modified_gmt":"2024-08-07T07:36:12","slug":"termeni-si-conditii","status":"publish","type":"page","link":"https:\/\/clinica-urologie.ro\/en\/termeni-si-conditii\/","title":{"rendered":"Terms &amp; Conditions"},"content":{"rendered":"<div data-elementor-type=\"wp-page\" data-elementor-id=\"2847\" class=\"elementor elementor-2847\">\n\t\t\t\t\t\t<section class=\"elementor-section elementor-top-section elementor-element elementor-element-d6be194 elementor-section-height-min-height elementor-section-items-top elementor-section-boxed elementor-section-height-default\" data-id=\"d6be194\" data-element_type=\"section\" data-settings=\"{&quot;background_background&quot;:&quot;classic&quot;}\">\n\t\t\t\t\t\t\t<div class=\"elementor-background-overlay\"><\/div>\n\t\t\t\t\t\t\t<div class=\"elementor-container elementor-column-gap-default\">\n\t\t\t\t\t<div class=\"elementor-column elementor-col-100 elementor-top-column elementor-element elementor-element-37beb11\" data-id=\"37beb11\" data-element_type=\"column\">\n\t\t\t<div class=\"elementor-widget-wrap elementor-element-populated\">\n\t\t\t\t\t\t<div class=\"elementor-element elementor-element-807c1ac elementor-widget elementor-widget-heading\" data-id=\"807c1ac\" data-element_type=\"widget\" data-widget_type=\"heading.default\">\n\t\t\t\t<div class=\"elementor-widget-container\">\n\t\t\t\t\t<h2 class=\"elementor-heading-title elementor-size-default\">UROLOGY CLINIC<\/h2>\t\t\t\t<\/div>\n\t\t\t\t<\/div>\n\t\t\t\t<div class=\"elementor-element elementor-element-cfe03ef elementor-widget elementor-widget-heading\" data-id=\"cfe03ef\" data-element_type=\"widget\" data-widget_type=\"heading.default\">\n\t\t\t\t<div class=\"elementor-widget-container\">\n\t\t\t\t\t<h1 class=\"elementor-heading-title elementor-size-default\">RO-BOOST<\/h1>\t\t\t\t<\/div>\n\t\t\t\t<\/div>\n\t\t\t\t<div class=\"elementor-element elementor-element-d116fb3 elementor-widget elementor-widget-heading\" data-id=\"d116fb3\" data-element_type=\"widget\" data-widget_type=\"heading.default\">\n\t\t\t\t<div class=\"elementor-widget-container\">\n\t\t\t\t\t<h2 class=\"elementor-heading-title elementor-size-default\">dedicat\u0103 s\u0103n\u0103t\u0103\u021bii sexuale masculine<\/h2>\t\t\t\t<\/div>\n\t\t\t\t<\/div>\n\t\t\t\t<div class=\"elementor-element elementor-element-afed836 elementor-align-center elementor-invisible elementor-widget elementor-widget-button\" data-id=\"afed836\" data-element_type=\"widget\" data-settings=\"{&quot;_animation&quot;:&quot;fadeInDown&quot;}\" data-widget_type=\"button.default\">\n\t\t\t\t<div class=\"elementor-widget-container\">\n\t\t\t\t\t\t\t\t\t<div class=\"elementor-button-wrapper\">\n\t\t\t\t\t<a class=\"elementor-button elementor-size-sm\" role=\"button\">\n\t\t\t\t\t\t<span class=\"elementor-button-content-wrapper\">\n\t\t\t\t\t\t\t\t\t<span class=\"elementor-button-text\">CONFIDENTIALITY. RELIABILITY. PROFESSIONALISM.<\/span>\n\t\t\t\t\t<\/span>\n\t\t\t\t\t<\/a>\n\t\t\t\t<\/div>\n\t\t\t\t\t\t\t\t<\/div>\n\t\t\t\t<\/div>\n\t\t\t\t\t<\/div>\n\t\t<\/div>\n\t\t\t\t\t<\/div>\n\t\t<\/section>\n\t\t<div class=\"elementor-element elementor-element-4fb51fb e-flex e-con-boxed e-con e-parent\" data-id=\"4fb51fb\" data-element_type=\"container\">\n\t\t\t\t\t<div class=\"e-con-inner\">\n\t\t\t\t<div class=\"elementor-element elementor-element-f91680e elementor-widget elementor-widget-heading\" data-id=\"f91680e\" data-element_type=\"widget\" data-widget_type=\"heading.default\">\n\t\t\t\t<div class=\"elementor-widget-container\">\n\t\t\t\t\t<h2 class=\"elementor-heading-title elementor-size-default\">Terms &amp; Conditions<\/h2>\t\t\t\t<\/div>\n\t\t\t\t<\/div>\n\t\t\t\t<div class=\"elementor-element elementor-element-76a916b elementor-widget elementor-widget-text-editor\" data-id=\"76a916b\" data-element_type=\"widget\" data-widget_type=\"text-editor.default\">\n\t\t\t\t<div class=\"elementor-widget-container\">\n\t\t\t\t\t\t\t\t\t<p>Continutul website-ului <a href=\"http:\/\/www.ro-boost.ro\">www.ro-boost.ro<\/a>\u00a0(in continuare, denumit\u00a0<em>site)<\/em>\u00a0sunt proprietatea exclusiva a\u00a0 S.C. REBOOST S.R.L. (in continuare, denumita generic\u00a0<em>Clinica\/Titularul\/Reboost\/Ro-boost)<\/em>.<\/p><p>Clinica detine toate drepturile de proprietate intelectuala (inclusiv drepturile asupra bazelor de date) privind marcile comerciale, marcile de servicii, logo-urile si toate celelalte materiale prezentate in acest site, in lipsa de stipulatii contrare. Drepturile Clinicii sunt protejate de legislatia romana si internationala in vigoare.<\/p><p>Site-urile sunt portale web de prezentare a\u00a0serviciilor oferite, continand si o\u00a0sectiune de informatii medicale realizate de personal cu studii medicale si o\u00a0platforma de programare online sau de verificare rezultate medicale online.<\/p><p>Prin completarea formularelor puse la dispozitie vizitatorilor, persoanele interesate pot adresa solicitari si informatii suplimentare cu privire la serviciile oferite de Titular, pot formula sugestii sau reclamatii.<\/p><p>Accesul utilizatorilor la anumite servicii oferite de Clinica<em>\u00a0<\/em>sau unele facilitati din cadrul site-ului, necesita inregistrarea utilizatorului cu o\u00a0adresa de e-mail valida\/nume pacient si, in unele cazuri, o\u00a0parola. Va recomandam sa protejati si sa nu dezvaluiti nimanui aceasta parola. Clinica nu va solicita niciodata parola conturilor dumneavoastra prin mesaje, prin posta electronica sau telefon.<\/p><p>S.C. REBOOST S.R.L. nu este si nu va fi legal responsabila in niciun caz si pentru nicio inadvertenta ori descriere eronata a\u00a0informatiilor prezentate in site. Pentru a\u00a0afla informatii detaliate si complete despre serviciile puse la dispozitie de Clinica Ro-boost, puteti sa va adresati resprezentantilor acesteia fie telefonic, fie in scris, utilizand datele de contact puse la dispozitie de Titular, la sectiunile de contact dedicate.<\/p><p>Totodata, Clinica nu este responsabila in nicio masura de continutul furnizat de terte persoane, de continutul sectiunilor publicitare, al mesajelor publicitare sau al continutului paginilor externe la care se face referire\/trimitere din interiorul site-ului.<\/p><p>Niciunul dintre materialele care alcatuiesc continutul acestui site nu constituie o\u00a0oferta ferma de a\u00a0contracta si cu atat mai mult ele nu se constituie ca o\u00a0oferta de vanzare-cumparare a\u00a0vreunui serviciu medical sau de asigurare.<\/p><p>Este interzisa reproducerea, distribuirea sau publicarea sub orice forma a\u00a0continutului materialelor prezentate pe acest site, indiferent de forma pe care acestea o\u00a0imbraca, de catre orice persoana, fara acordul scris prealabil al Titularului.<\/p><p>Clinica isi rezerva dreptul de a\u00a0suspenda, modifica, adauga sau sterge in orice moment, portiuni ale continutului site-ului. Totodata, Clinica isi rezerva dreptul de a\u00a0restrictiona accesul utilizatorilor la o\u00a0parte sau la intregul sau continut din site.<\/p><p>Utilizatorii pot folosi continutul site-urilor doar pentru uzul personal si niciuna dintre actiunile descrise mai jos nu sunt permise in lipsa obtinerii acordului prealabil scris al Titularului:<\/p><ol><li>Indepartarea sau alterarea continutului sau a\u00a0insemnelor care identifica dreptul de autor al Titularului asupra continutului;<\/li><li>Modificarea, publicarea, transmiterea, retransmiterea in orice mod sau forma, precum si participarea la transferul, vanzarea ori distributia unor materiale realizate prin reproducerea, modificarea sau afisarea continutului, total sau partial, din site;<\/li><li>Reproducerea sau stocarea continutului, precum si trimiterea acestui continut catre orice alt website, server sau orice alt mijloc de stocare a\u00a0informatiei, daca scopul acestei activitati este unul comercial.<\/li><\/ol><p>Orice actiune sau incercare de natura sa incalce prevederile de mai sus vor legitima Titularul sa faca uz de dreptul de a\u00a0se adresa instantelor de judecata legal competente pentru sanctionarea unei asemenea fapte.<\/p><p>De asemenea, \u00a0Titularul site-ului nu este responsabil de continutul paginilor externe la care se face trimitere din interiorul site-ului.<\/p><p><strong>Sugestii si reclamatii<\/strong><\/p><p>Reclamatiile sau orice fel de sesizari ori sugestii referitoare la modalitatea de accesare a\u00a0site-ului Clinicii sunt luate in considerare numai in baza unei adrese scrise din partea vizitatorilor, transmisa in format electronic, completand formularul pus la dispozitie pe pagina contact sau trimise catre adresa\u00a0<a href=\"mailto:contact@ro-boost.ro\">contact@ro-boost.ro<\/a><\/p><p>O reclamatie depusa in mod corespunzator cuprinde datele de identificare ale persoanei (prenume si nume) precum si o\u00a0descriere a\u00a0problemei ce face obiectul reclamatiei. Totodata, reclamatia va trebui sa cuprinda cel putin doua dintre urmatoarele date de contact: nume si prenume, adresa, numar de telefon si adresa de e-mail.<\/p><p>Dupa primirea reclamatiei Clinica va lua imediat masurile necesare pentru solutionarea problemei sesizate si, se angajeaza ca, in termen de maxim 30 de zile de la data primirii acesteia, sa trimita un raspuns scris prin una dintre modalitatile de comunicare furnizate, conform prevederilor de mai sus.<\/p><p><strong>Cookies<\/strong><\/p><p>Site-ul <a href=\"http:\/\/www.ro-boost.ro\">www.ro-boost.ro<\/a>\u00a0 foloseste cookie-uri, acestea fiind date stocate pe hardul utilizatorului, continand informatii despre acesta. Folosirea mecanismului de tip cookie reprezinta un avantaj in folosul vizitatorilor, acesta permitand memorarea unor optiuni de navigare in site precum limba in care se afiseaza site-ul, tip de filtre care se aplica la afisarea unor anumite pagini, memorarea numelui de utilizator si a\u00a0parolei pentru un acces rapid la continutul site-ului etc.<\/p><p>Neacceptarea unui cookie nu inseamna ca utilizatorului ii va fi refuzat accesul de navigare in site, de citire a\u00a0continutului acestuia. Cu ajutorul cookie-urilor, proprietarii de site-uri pot monitoriza si segmenta interesele utilizatorilor fata de anumite zone sau aplicatii ale site-ului, fapt care le permite ulterior, imbunatatirea experintei de navigare, introducerea unui continut relevant pentru utilizator, etc.<\/p><p><strong>Termeni si Conditii de utilizare a\u00a0Sectiunii de achizitii on-line a serviciilor<\/strong><\/p><p>Acest site este dedicat utilizarii de catre persoanele fizice in vederea \u00a0achizitionarii de produse si servicii, comercializate\/prestate de S.C. REBOOST S.R.L , in limita si cu aplicarea prevederilor continute in \u201cConditiile&#8221; de mai jos.<\/p><ol><li>DEFINITII:<\/li><\/ol><p>Pachetele de servicii medicale: reprezinta acele \u00a0servicii medicale (consultatii, analize si investigatii) care sunt puse la dispozitia Utilizatorului la adresa web www.ro-boost.ro si care pot fi achizitionate prin adresarea unei Comenzi, conform acestor Termeni si Conditii. Pachetele de servicii reprezinta un tot unitar, ele nu pot fi comandate sau achizitionate partial.<\/p><p>Reboost Shop: sectiune a\u00a0Site-ului www.ro-boost.ro care pune la dispozitia vizitatorilor posibilitatea de a\u00a0plasa o\u00a0comanda pentru unul sau mai multe Pachete de servicii medicale, oferite la un moment dat de catre S.C REBOOST S.R.L.<\/p><p>Utilizator: reprezinta persoana fizica care are sau obtine acces la continutul Reboost Shop, mijloacele de comunicare puse la dispozitie de catre Clinica si care achizitioneaza, in beneficiul sau sau al altei persoane (Pacientul), Pachete de servicii medicale.<\/p><p>Beneficiar sau pacient: persoana fizica in beneficiul careia se \u00a0efectueaza Comanda si plata aferenta Pachetelor de servicii medicale si care va utliza efectiv serviciile medicale incluse in acestea.<\/p><p>Comanda: reprezinta un document electronic, generat ca urmare a\u00a0accesarii Sectiunii de achizitii on-line de catre un Utilizator, prin care Utilizatorul \u00a0transmite catre Reboost \u00a0intentia sa de a\u00a0achizitiona Pachet\/e de servicii medicale \u00a0din Sectiuniea de achizitii on-line.\u00a0<\/p><p>Contract: reprezinta Comanda confirmata de S.C. Reboost S.R.L. Data la care se transmite confirmarea comenzii de catre Reboost reprezinta data incheierii contractului intre Reboost, Pacient si, dupa caz, Utilizator, avand ca obiect prestarea serviciilor medicale solicitate.\u00a0<\/p><p>Reboost: inseamna, in acceptiunea acestor Reguli de utilizare a\u00a0Sectiunii de achizitii on-line, Societatea Comerciala REBOOST S.R.L., cu sediul in Bucuresti, Str. Esarfei nr. 55, parter, cabinetele medicale 1 si 2, sector 3, Bucuresti, inregistrata la Oficiul Registrului Comertului sub nr. J40\/9399\/2023, avand CUI: 48197633.<\/p><ol start=\"2\"><li>POLITICA DE ACHIZITIONARE A\u00a0PACHETELOR DE SERVICII MEDICALE \u00a0DIN SECTIUNEA ACHIZITII ON-LINE:<\/li><\/ol><p>Utilizatorul va accesa sectiunea de achizitii on-line si va opta pentru unul sau unele dintre Pachetele de servicii medicale.<\/p><p>Pentru plasarea unei Comenzi, Utilizatorul va accesa sectiunea www.ro-boost.ro\/contact si va completa formularul online. Dupa completarea formularului, Utilizatorul va primi un email sau telefon din partea Reboost prin care se confirma plasarea Comenzii. Pentru finalizarea Comenzii, Utilizatorul va trebui sa efectueze plata prin intermediul platformei de plati online.<\/p><p>Dupa efectuarea acesteia, Utilizatorul va primi din partea Reboost un mesaj email de confirmare. Mesajul va contine si voucherul aferent comenzii confirmate.\u00a0<\/p><p>In termen de 2 zile lucratoare de la momentul primirii mesajului de confirmare a\u00a0Comenzii, Beneficiarul \u00a0va fi apelat pentru stabilirea programarilor pentru efectuarea serviciilor.<\/p><p>In cazul in care nu va fi apelat in acest termen va rugam sa ne sesizati acest aspect pe adresa de mail: <a href=\"mailto:contact@ro-boost.ro\">contact@ro-boost.ro<\/a>.<\/p><p>Reboost se obliga sa livreze Serviciile in clinicile Roboost din Romania, unde acestea sunt disponible conform ofertelor. Pachetele de servicii medicale si informatiile privind Pachetele pot fi oricand modificate de Reboost<\/p><p>Accesarea efectiva a\u00a0serviciilor medicale se realizeaza prin programarea acestora prin intermediul platformei de programare, in limita si in intervalele disponibile.<\/p><p>Clinica Ro-boost va recomanda ca optarea pentru unul sau mai multe Pachete de servicii medicale (continand anumite investigatii sau proceduri medicale, altele decat consultatiile) sa se realizeze cu acordul sau la recomandarea medicului dumneavoastra. Reboost nu este raspunzatoare pentru situatiile in care medicul refuza sau nu recomanda efectuarea anumitor proceduri sau investigatii, aceastea efectuandu-se pe riscul Pacientului.<\/p><p>Utilizatorul isi asuma corectitudinea si exactitatea datelor furnizate, inclusiv a\u00a0datelor de contact ale sale si ale beneficiarilor.<\/p><ol start=\"3\"><li>PRETUL SERVICIILOR MEDICALE SI MODALITATEA DE PLATA ONLINE:<\/li><\/ol><p>Plata aferenta Pachetelor de servicii medicale comandate prin intermediul Sectiunii de achizitii on-line poate fi efectuata exclusiv prin intermediul platformei online.<\/p><p>Toate tarifele aferente Pachetelor sunt exprimate in lei (RON) si sunt \u00a0afisate in sectiunea Preturi.<\/p><p>Reboost nu percepe nici un comision suplimentar pentru platile online.<\/p><p>In cazul in care cardul este asociat unui cont in alta moneda decat RON, tranzactiile se efectueaza in lei, la cursul de schimb al bancii emitente pentru cardul respectiv.<\/p><p>In cazul platilor online, Reboost nu este\/nu poate fi facut responsabil pentru nici un alt cost suplimentar suportat de Utilizator, incluzand dar nelimitandu-se la comisioane de conversie valutara aplicate de catre banca emitenta a\u00a0cardului acestuia, in cazul in care moneda de emitere a\u00a0acestuia difera de RON. Responsabilitatea pentru aceasta actiune o\u00a0poarta numai utilizatorul.<\/p><p>Prin intermediul Sectiunii de achizitii on-line se poate efectua plata online cu cardul personal sau al firmei, in conditii de siguranta deplina. Cardurile acceptate la plata sunt cele emise sub siglele VISA (Classic si Electron) si MASTERCARD, MAESTRO, AMERICAN EXPRES si orice alta marca, daca au cod CVV2\/CVC2.\u00a0<\/p><p>Pentru finalizarea corecta a\u00a0tranzactiei, trebuie introduse datele necesare autorizarii tranzactiei in platorma de plati.<\/p><p>Procesarea datelor de card se face in mod exclusiv prin intermediul platformei de plata. Reboost nu solicita si nu stocheaza niciun fel de detalii referitoare la cardul dumneavoastra si nu va solicita niciodata codul PIN al cardului dumneavoastra.<\/p><p>Reboost a\u00a0luat toate masurile necesare pentru a\u00a0asigura securitatea datelor dumneavoastra, dar transmiterea datelor si informatiilor revin exclusiv utilizatorului.\u00a0<\/p><p>Datele introduse pentru generarea comenzilor, cu exceptia celor legate de cardul bancar (numar de card, data expirarii etc) vor fi utilizate numai in concordanta cu procedurile Reboost, in scopul prevenirii oricarui acces neautorizat.<\/p><p>Prin trimiterea Comenzii, Utilizatorul isi exprima acordul sa primeasca facturile prin intermediul postei electronice, la adresa de e-mail mentionata in Comanda.<\/p><p>Termenul-limita de accesare a\u00a0serviciilor comandate este 3 luni de la momentul confirmarii comenzii.<\/p><p>Intrucat utilizatorul poate comanda serviciile dorite si in mod individual, prin mijloacele puse la dispozitie de Reboost, neaccesarea tuturor serviciilor din pachet, din motive neimputabile Reboost, nu confera dreptul utilizatorului de a-i fi rambursata o\u00a0parte din pretul achitat pentru pachetul de servicii medicale\u201d.<\/p><ol start=\"4\"><li>DREPTUL DE RETRAGERE<\/li><\/ol><p>Utilizatorul are dreptul sa notifice in scris \u00a0Reboost ca renunta la achizitionarea Pachetului de servicii medicale, fara penalitati si fara invocarea vreunui motiv, in termen de 14 zile lucratoare de la data primirii de catre Utilizator a\u00a0mesajului de confirmare de primire a\u00a0Comenzii.<br \/><br \/>Solicitarea de returnare. Utilizatorul trebuie sa trimita de pe adresa de email cu care s-a inregistrat pe acest site catre adresa online@ro-boost.ro ce trebuie sa contina cererea explicita de retur, datele de identificare ale Utilizatorului, datele de identificare \u00a0ale comenzii, contul bancar al utilizatorului in care se doreste returnarea sumei si sucursala la care este deschis contul.<\/p><p>In ipoteza in care utilizatorul renunta la achizitionarea serviciului medical conform acestei clauze, Reboost S.R.L. nu va mai presta acel serviciu.\u00a0<\/p><p>Daca pacientul acceseaza serviciul medical inainte sa-si exercite dreptul de denuntare, acesta va achita contravaloarea serviciului medical accesat la pretul de lista al S.C. Reboost S.R.L. si de care a\u00a0beneficiat in perioada dintre data confirmarii comenzii de catre Reboost si data denuntarii .<\/p><p>Contractul de prestari servicii medicale incheiat in aceste conditii, reprezinta un contract incheiat la distanta.<\/p><ol start=\"5\"><li>FORTA MAJORA:<\/li><\/ol><p>Niciuna dintre parti nu raspunde de neexecutarea la termen si\/sau de executarea in mod necorespunzator &#8211; total sau partial &#8211; a\u00a0oricarei obligatii care ii revine in baza prezentului contract, daca neexecutarea sau executarea necorespunzatoare a\u00a0obligatiei respective a\u00a0fost cauzata de forta majora, asa cum este definita de lege.<\/p><p>Partea care invoca forta majora este obligata sa notifice celeilalte parti, in termen de 48 de ore, producerea evenimentului si sa ia toate masurile posibile in vederea limitarii consecintelor lui.<\/p><p>Daca in termen de 5 zile de la producere, evenimentul respectiv nu inceteaza, partile au dreptul sa-si notifice incetarea de plin drept a\u00a0\u00a0contractului fara ca vreuna dintre ele sa pretinda daune-interese.<\/p><ol start=\"6\"><li>NOTIFICARI:<\/li><\/ol><p>Orice notificare este valabil indeplinita daca va fi transmisa la adresa\/sediul indicat in comanda\/confirmarea de comanda.<\/p><p>In cazul in care notificarea se face pe cale postala, ea va fi transmisa, prin scrisoare recomandata, cu confirmare de primire (A.R.) si se considera primita de destinatar la data mentionata de oficiul postal primitor pe aceasta confirmare.<\/p><p>Daca notificarea se trimite prin fax sau mail, ea se considera primita in prima zi lucratoare dupa data in care a\u00a0fost expediata.<\/p><p>Notificarile verbale nu se iau in considerare \u00a0daca nu sunt confirmate, prin intermediul uneia dintre modalitatile prevazute la alineatele precedente.<\/p><ol start=\"7\"><li>LEGEA APLICABILA:<\/li><\/ol><p>Legea aplicabila raporturilor juridice generate prin accesarea serviciilor oferite de S.C. REBOOST S.R.L. este legea romana.<\/p><ol start=\"8\"><li>PRELUCRAREA DATELOR CU CARACTER PERSONAL:<\/li><\/ol><p>Mai multe Informatii despre protectia datelor cu caracter personal regasiti pe: https:\/\/europa.eu\/youreurope\/business\/dealing-with-customers\/data-protection\/data-protection-gdpr\/index_ro.htm<\/p>\t\t\t\t\t\t\t\t<\/div>\n\t\t\t\t<\/div>\n\t\t\t\t\t<\/div>\n\t\t\t\t<\/div>\n\t\t\t\t<\/div>","protected":false},"excerpt":{"rendered":"<p>CLINICA DE UROLOGIE RO-BOOST dedicat\u0103 s\u0103n\u0103t\u0103\u021bii sexuale masculine CONFIDEN\u021aIALITATE. SERIOZITATE. PROFESIONALISM. Termeni si Conditii Continutul website-ului www.ro-boost.ro\u00a0(in continuare, denumit\u00a0site)\u00a0sunt proprietatea exclusiva a\u00a0 S.C. REBOOST S.R.L. (in continuare, denumita generic\u00a0Clinica\/Titularul\/Reboost\/Ro-boost). Clinica detine toate drepturile de proprietate intelectuala (inclusiv drepturile asupra bazelor de date) privind marcile comerciale, marcile de servicii, logo-urile si toate celelalte materiale prezentate in [&hellip;]<\/p>","protected":false},"author":1,"featured_media":0,"parent":0,"menu_order":0,"comment_status":"closed","ping_status":"closed","template":"","meta":{"site-sidebar-layout":"no-sidebar","site-content-layout":"page-builder","ast-site-content-layout":"full-width-container","site-content-style":"default","site-sidebar-style":"default","ast-global-header-display":"","ast-banner-title-visibility":"","ast-main-header-display":"","ast-hfb-above-header-display":"","ast-hfb-below-header-display":"","ast-hfb-mobile-header-display":"","site-post-title":"disabled","ast-breadcrumbs-content":"","ast-featured-img":"disabled","footer-sml-layout":"","theme-transparent-header-meta":"","adv-header-id-meta":"","stick-header-meta":"","header-above-stick-meta":"","header-main-stick-meta":"","header-below-stick-meta":"","astra-migrate-meta-layouts":"set","ast-page-background-enabled":"default","ast-page-background-meta":{"desktop":{"background-color":"var(--ast-global-color-4)","background-image":"","background-repeat":"repeat","background-position":"center center","background-size":"auto","background-attachment":"scroll","background-type":"","background-media":"","overlay-type":"","overlay-color":"","overlay-opacity":"","overlay-gradient":""},"tablet":{"background-color":"","background-image":"","background-repeat":"repeat","background-position":"center center","background-size":"auto","background-attachment":"scroll","background-type":"","background-media":"","overlay-type":"","overlay-color":"","overlay-opacity":"","overlay-gradient":""},"mobile":{"background-color":"","background-image":"","background-repeat":"repeat","background-position":"center center","background-size":"auto","background-attachment":"scroll","background-type":"","background-media":"","overlay-type":"","overlay-color":"","overlay-opacity":"","overlay-gradient":""}},"ast-content-background-meta":{"desktop":{"background-color":"var(--ast-global-color-5)","background-image":"","background-repeat":"repeat","background-position":"center center","background-size":"auto","background-attachment":"scroll","background-type":"","background-media":"","overlay-type":"","overlay-color":"","overlay-opacity":"","overlay-gradient":""},"tablet":{"background-color":"var(--ast-global-color-5)","background-image":"","background-repeat":"repeat","background-position":"center center","background-size":"auto","background-attachment":"scroll","background-type":"","background-media":"","overlay-type":"","overlay-color":"","overlay-opacity":"","overlay-gradient":""},"mobile":{"background-color":"var(--ast-global-color-5)","background-image":"","background-repeat":"repeat","background-position":"center center","background-size":"auto","background-attachment":"scroll","background-type":"","background-media":"","overlay-type":"","overlay-color":"","overlay-opacity":"","overlay-gradient":""}},"footnotes":""},"class_list":["post-2847","page","type-page","status-publish","hentry"],"_links":{"self":[{"href":"https:\/\/clinica-urologie.ro\/en\/wp-json\/wp\/v2\/pages\/2847","targetHints":{"allow":["GET"]}}],"collection":[{"href":"https:\/\/clinica-urologie.ro\/en\/wp-json\/wp\/v2\/pages"}],"about":[{"href":"https:\/\/clinica-urologie.ro\/en\/wp-json\/wp\/v2\/types\/page"}],"author":[{"embeddable":true,"href":"https:\/\/clinica-urologie.ro\/en\/wp-json\/wp\/v2\/users\/1"}],"replies":[{"embeddable":true,"href":"https:\/\/clinica-urologie.ro\/en\/wp-json\/wp\/v2\/comments?post=2847"}],"version-history":[{"count":4,"href":"https:\/\/clinica-urologie.ro\/en\/wp-json\/wp\/v2\/pages\/2847\/revisions"}],"predecessor-version":[{"id":2851,"href":"https:\/\/clinica-urologie.ro\/en\/wp-json\/wp\/v2\/pages\/2847\/revisions\/2851"}],"wp:attachment":[{"href":"https:\/\/clinica-urologie.ro\/en\/wp-json\/wp\/v2\/media?parent=2847"}],"curies":[{"name":"wp","href":"https:\/\/api.w.org\/{rel}","templated":true}]}}