{"id":2523,"date":"2024-05-04T08:29:57","date_gmt":"2024-05-04T08:29:57","guid":{"rendered":"https:\/\/clinica-urologie.ro\/?page_id=2523"},"modified":"2025-11-21T16:56:32","modified_gmt":"2025-11-21T16:56:32","slug":"tratamentul-ejacularii-premature","status":"publish","type":"page","link":"https:\/\/clinica-urologie.ro\/en\/tratamentul-ejacularii-premature\/","title":{"rendered":"Premature Ejaculation Treatment"},"content":{"rendered":"<div data-elementor-type=\"wp-page\" data-elementor-id=\"2523\" class=\"elementor elementor-2523\">\n\t\t\t\t\t\t<section class=\"elementor-section elementor-top-section elementor-element elementor-element-f51efde elementor-section-height-min-height elementor-section-items-top elementor-section-boxed elementor-section-height-default\" data-id=\"f51efde\" data-element_type=\"section\" data-settings=\"{&quot;background_background&quot;:&quot;classic&quot;}\">\n\t\t\t\t\t\t\t<div class=\"elementor-background-overlay\"><\/div>\n\t\t\t\t\t\t\t<div class=\"elementor-container elementor-column-gap-default\">\n\t\t\t\t\t<div class=\"elementor-column elementor-col-100 elementor-top-column elementor-element elementor-element-53092e4\" data-id=\"53092e4\" data-element_type=\"column\">\n\t\t\t<div class=\"elementor-widget-wrap elementor-element-populated\">\n\t\t\t\t\t\t<div class=\"elementor-element elementor-element-07495c8 elementor-widget elementor-widget-heading\" data-id=\"07495c8\" data-element_type=\"widget\" data-widget_type=\"heading.default\">\n\t\t\t\t<div class=\"elementor-widget-container\">\n\t\t\t\t\t<h2 class=\"elementor-heading-title elementor-size-default\">UROLOGY CLINIC<\/h2>\t\t\t\t<\/div>\n\t\t\t\t<\/div>\n\t\t\t\t<div class=\"elementor-element elementor-element-6d5c779 elementor-widget elementor-widget-heading\" data-id=\"6d5c779\" data-element_type=\"widget\" data-widget_type=\"heading.default\">\n\t\t\t\t<div class=\"elementor-widget-container\">\n\t\t\t\t\t<h1 class=\"elementor-heading-title elementor-size-default\">RO-BOOST<\/h1>\t\t\t\t<\/div>\n\t\t\t\t<\/div>\n\t\t\t\t<div class=\"elementor-element elementor-element-fe02ef8 elementor-widget elementor-widget-heading\" data-id=\"fe02ef8\" data-element_type=\"widget\" data-widget_type=\"heading.default\">\n\t\t\t\t<div class=\"elementor-widget-container\">\n\t\t\t\t\t<h2 class=\"elementor-heading-title elementor-size-default\">We use state-of-the-art medical equipment to provide effective and safe treatments.<br> <br>\n\nWe use state-of-the-art medical equipment to ensure safe and effective treatments.\n\n<br> <br>RO-BOOST applies a multidisciplinary approach in the evaluation and treatment of male health conditions, integrating specialists from complementary fields to achieve optimal therapeutic outcomes.<\/h2>\t\t\t\t<\/div>\n\t\t\t\t<\/div>\n\t\t\t\t<div class=\"elementor-element elementor-element-af99ae2 elementor-align-center elementor-invisible elementor-widget elementor-widget-button\" data-id=\"af99ae2\" data-element_type=\"widget\" data-settings=\"{&quot;_animation&quot;:&quot;fadeInDown&quot;}\" data-widget_type=\"button.default\">\n\t\t\t\t<div class=\"elementor-widget-container\">\n\t\t\t\t\t\t\t\t\t<div class=\"elementor-button-wrapper\">\n\t\t\t\t\t<a class=\"elementor-button elementor-size-sm\" role=\"button\">\n\t\t\t\t\t\t<span class=\"elementor-button-content-wrapper\">\n\t\t\t\t\t\t\t\t\t<span class=\"elementor-button-text\">CONFIDENTIALITY. RELIABILITY. PROFESSIONALISM.<\/span>\n\t\t\t\t\t<\/span>\n\t\t\t\t\t<\/a>\n\t\t\t\t<\/div>\n\t\t\t\t\t\t\t\t<\/div>\n\t\t\t\t<\/div>\n\t\t\t\t\t<\/div>\n\t\t<\/div>\n\t\t\t\t\t<\/div>\n\t\t<\/section>\n\t\t<div class=\"elementor-element elementor-element-0e43e2b e-con-full e-flex e-con e-parent\" data-id=\"0e43e2b\" data-element_type=\"container\" data-settings=\"{&quot;background_background&quot;:&quot;classic&quot;}\">\n\t\t\t\t<div class=\"elementor-element elementor-element-508bcf7 elementor-widget elementor-widget-heading\" data-id=\"508bcf7\" data-element_type=\"widget\" data-widget_type=\"heading.default\">\n\t\t\t\t<div class=\"elementor-widget-container\">\n\t\t\t\t\t<h2 class=\"elementor-heading-title elementor-size-default\">TRATAMENTUL EJACULARII PREMATURE<\/h2>\t\t\t\t<\/div>\n\t\t\t\t<\/div>\n\t\t\t\t<\/div>\n\t\t<div class=\"elementor-element elementor-element-8f7a466 e-con-full e-flex e-con e-parent\" data-id=\"8f7a466\" data-element_type=\"container\">\n\t\t<div class=\"elementor-element elementor-element-d9d7ca1 e-con-full e-flex e-con e-child\" data-id=\"d9d7ca1\" data-element_type=\"container\">\n\t\t\t\t<div class=\"elementor-element elementor-element-d6c03aa elementor-widget__width-initial elementor-widget elementor-widget-image\" data-id=\"d6c03aa\" data-element_type=\"widget\" data-widget_type=\"image.default\">\n\t\t\t\t<div class=\"elementor-widget-container\">\n\t\t\t\t\t\t\t\t\t\t\t\t\t\t\t<img fetchpriority=\"high\" decoding=\"async\" width=\"1536\" height=\"1536\" src=\"https:\/\/clinica-urologie.ro\/wp-content\/uploads\/2024\/04\/PROSTATITA-CRONICA-1536x1536.jpg\" class=\"attachment-1536x1536 size-1536x1536 wp-image-1765\" alt=\"\" srcset=\"https:\/\/clinica-urologie.ro\/wp-content\/uploads\/2024\/04\/PROSTATITA-CRONICA-1536x1536.jpg 1536w, https:\/\/clinica-urologie.ro\/wp-content\/uploads\/2024\/04\/PROSTATITA-CRONICA-300x300.jpg 300w, https:\/\/clinica-urologie.ro\/wp-content\/uploads\/2024\/04\/PROSTATITA-CRONICA-1024x1024.jpg 1024w, https:\/\/clinica-urologie.ro\/wp-content\/uploads\/2024\/04\/PROSTATITA-CRONICA-150x150.jpg 150w, https:\/\/clinica-urologie.ro\/wp-content\/uploads\/2024\/04\/PROSTATITA-CRONICA-768x768.jpg 768w, https:\/\/clinica-urologie.ro\/wp-content\/uploads\/2024\/04\/PROSTATITA-CRONICA-600x600.jpg 600w, https:\/\/clinica-urologie.ro\/wp-content\/uploads\/2024\/04\/PROSTATITA-CRONICA-100x100.jpg 100w, https:\/\/clinica-urologie.ro\/wp-content\/uploads\/2024\/04\/PROSTATITA-CRONICA.jpg 1667w\" sizes=\"(max-width: 1536px) 100vw, 1536px\" \/>\t\t\t\t\t\t\t\t\t\t\t\t\t\t\t<\/div>\n\t\t\t\t<\/div>\n\t\t\t\t<\/div>\n\t\t<div class=\"elementor-element elementor-element-297ba0f e-con-full e-flex e-con e-child\" data-id=\"297ba0f\" data-element_type=\"container\">\n\t\t\t\t<div class=\"elementor-element elementor-element-2ad6aa1 elementor-widget elementor-widget-heading\" data-id=\"2ad6aa1\" data-element_type=\"widget\" data-widget_type=\"heading.default\">\n\t\t\t\t<div class=\"elementor-widget-container\">\n\t\t\t\t\t<h2 class=\"elementor-heading-title elementor-size-default\">EVALUATION FORM<\/h2>\t\t\t\t<\/div>\n\t\t\t\t<\/div>\n\t\t\t\t<div class=\"elementor-element elementor-element-b381cbd elementor-widget__width-initial elementor-widget elementor-widget-text-editor\" data-id=\"b381cbd\" data-element_type=\"widget\" data-widget_type=\"text-editor.default\">\n\t\t\t\t<div class=\"elementor-widget-container\">\n\t\t\t\t\t\t\t\t\t<ul><li>Completati cu foarte mare atentie formularul de evaluare.<\/li><li>Acest formular nu este facut pentru a diagnostica nicio boala pe care o aveti.<\/li><li>Dupa ce formularul dvs. este evaluat, se decide daca sunteti potrivit pentru program.<\/li><li>Dupa completarea formularului, nu uitati sa apasati butonul\u00a0<strong>TRIMITE<\/strong>.<\/li><li>Dupa ce formularul ajunge la noi, vom raspunde in termen de 1-3 zile lucratoare.<\/li><li>Raspunsul va fi trimis la adresa de e-mail pe care o furnizati. Prin urmare,\u00a0<strong>verificati adresa dvs. de e-mail si asigurati-va ca este corecta.<\/strong><\/li><\/ul>\t\t\t\t\t\t\t\t<\/div>\n\t\t\t\t<\/div>\n\t\t\t\t<div class=\"elementor-element elementor-element-a78b34a elementor-align-center elementor-widget elementor-widget-button\" data-id=\"a78b34a\" data-element_type=\"widget\" data-widget_type=\"button.default\">\n\t\t\t\t<div class=\"elementor-widget-container\">\n\t\t\t\t\t\t\t\t\t<div class=\"elementor-button-wrapper\">\n\t\t\t\t\t<a class=\"elementor-button elementor-button-link elementor-size-sm\" href=\"https:\/\/clinica-urologie.ro\/en\/formular-de-evaluare-ejaculare-prematura\/\">\n\t\t\t\t\t\t<span class=\"elementor-button-content-wrapper\">\n\t\t\t\t\t\t\t\t\t<span class=\"elementor-button-text\">FORMULAR<\/span>\n\t\t\t\t\t<\/span>\n\t\t\t\t\t<\/a>\n\t\t\t\t<\/div>\n\t\t\t\t\t\t\t\t<\/div>\n\t\t\t\t<\/div>\n\t\t\t\t<div class=\"elementor-element elementor-element-486361e elementor-align-center elementor-widget elementor-widget-button\" data-id=\"486361e\" data-element_type=\"widget\" data-widget_type=\"button.default\">\n\t\t\t\t<div class=\"elementor-widget-container\">\n\t\t\t\t\t\t\t\t\t<div class=\"elementor-button-wrapper\">\n\t\t\t\t\t<a class=\"elementor-button elementor-button-link elementor-size-sm\" href=\"https:\/\/clinica-urologie.ro\/en\/programul-de-control-al-ejacularii-premature\/\">\n\t\t\t\t\t\t<span class=\"elementor-button-content-wrapper\">\n\t\t\t\t\t\t\t\t\t<span class=\"elementor-button-text\">Download Premature Ejaculation Control Program<\/span>\n\t\t\t\t\t<\/span>\n\t\t\t\t\t<\/a>\n\t\t\t\t<\/div>\n\t\t\t\t\t\t\t\t<\/div>\n\t\t\t\t<\/div>\n\t\t\t\t<\/div>\n\t\t\t\t<\/div>\n\t\t<div class=\"elementor-element elementor-element-1097043 e-con-full e-flex e-con e-parent\" data-id=\"1097043\" data-element_type=\"container\" data-settings=\"{&quot;background_background&quot;:&quot;classic&quot;}\">\n\t\t\t\t<\/div>\n\t\t\t\t<section class=\"elementor-section elementor-top-section elementor-element elementor-element-57591ce elementor-section-content-middle elementor-section-boxed elementor-section-height-default elementor-section-height-default\" data-id=\"57591ce\" data-element_type=\"section\" data-settings=\"{&quot;background_background&quot;:&quot;classic&quot;}\">\n\t\t\t\t\t\t<div class=\"elementor-container elementor-column-gap-default\">\n\t\t\t\t\t<div class=\"elementor-column elementor-col-100 elementor-top-column elementor-element elementor-element-15675ce\" data-id=\"15675ce\" data-element_type=\"column\">\n\t\t\t<div class=\"elementor-widget-wrap elementor-element-populated\">\n\t\t\t\t\t\t<div class=\"elementor-element elementor-element-a3adf5c elementor-widget elementor-widget-heading\" data-id=\"a3adf5c\" data-element_type=\"widget\" data-widget_type=\"heading.default\">\n\t\t\t\t<div class=\"elementor-widget-container\">\n\t\t\t\t\t<h2 class=\"elementor-heading-title elementor-size-default\">RECOGNIZING THE SEXUAL PROBLEM YOU ARE FACING AND OVERCOMING THE HESITATION TO CONSULT A SPECIALIST DOCTOR ARE ESSENTIAL<\/h2>\t\t\t\t<\/div>\n\t\t\t\t<\/div>\n\t\t\t\t<div class=\"elementor-element elementor-element-cd6d96f elementor-align-center elementor-widget elementor-widget-button\" data-id=\"cd6d96f\" data-element_type=\"widget\" data-widget_type=\"button.default\">\n\t\t\t\t<div class=\"elementor-widget-container\">\n\t\t\t\t\t\t\t\t\t<div class=\"elementor-button-wrapper\">\n\t\t\t\t\t<a class=\"elementor-button elementor-button-link elementor-size-sm\" href=\"https:\/\/programari.ro-boost.ro\/Appointments\/IndexAppointments\">\n\t\t\t\t\t\t<span class=\"elementor-button-content-wrapper\">\n\t\t\t\t\t\t\t\t\t<span class=\"elementor-button-text\">APPOINTMENT<\/span>\n\t\t\t\t\t<\/span>\n\t\t\t\t\t<\/a>\n\t\t\t\t<\/div>\n\t\t\t\t\t\t\t\t<\/div>\n\t\t\t\t<\/div>\n\t\t\t\t\t<\/div>\n\t\t<\/div>\n\t\t\t\t\t<\/div>\n\t\t<\/section>\n\t\t\t\t<\/div>","protected":false},"excerpt":{"rendered":"<p>CLINICA DE UROLOGIE RO-BOOST Utilizam echipamente medicale de ultima generatie, pentru tratamente eficiente si sigure. RO-BOOST aplic\u0103 o abordare multidisciplinar\u0103 \u00een evaluarea \u0219i tratamentul afec\u021biunilor masculine, integr\u00e2nd speciali\u0219ti din domenii complementare, pentru rezultate terapeutice optime. CONFIDENTIALITATE. SERIOZITATE. PROFESIONALISM. TRATAMENTUL EJACULARII PREMATURE FORMULAR DE EVALUARE Completati cu foarte mare atentie formularul de evaluare. Acest formular nu [&hellip;]<\/p>","protected":false},"author":1,"featured_media":0,"parent":0,"menu_order":0,"comment_status":"closed","ping_status":"closed","template":"","meta":{"site-sidebar-layout":"no-sidebar","site-content-layout":"page-builder","ast-site-content-layout":"full-width-container","site-content-style":"default","site-sidebar-style":"default","ast-global-header-display":"","ast-banner-title-visibility":"","ast-main-header-display":"","ast-hfb-above-header-display":"","ast-hfb-below-header-display":"","ast-hfb-mobile-header-display":"","site-post-title":"disabled","ast-breadcrumbs-content":"","ast-featured-img":"disabled","footer-sml-layout":"","theme-transparent-header-meta":"","adv-header-id-meta":"","stick-header-meta":"","header-above-stick-meta":"","header-main-stick-meta":"","header-below-stick-meta":"","astra-migrate-meta-layouts":"set","ast-page-background-enabled":"default","ast-page-background-meta":{"desktop":{"background-color":"var(--ast-global-color-4)","background-image":"","background-repeat":"repeat","background-position":"center center","background-size":"auto","background-attachment":"scroll","background-type":"","background-media":"","overlay-type":"","overlay-color":"","overlay-opacity":"","overlay-gradient":""},"tablet":{"background-color":"","background-image":"","background-repeat":"repeat","background-position":"center center","background-size":"auto","background-attachment":"scroll","background-type":"","background-media":"","overlay-type":"","overlay-color":"","overlay-opacity":"","overlay-gradient":""},"mobile":{"background-color":"","background-image":"","background-repeat":"repeat","background-position":"center center","background-size":"auto","background-attachment":"scroll","background-type":"","background-media":"","overlay-type":"","overlay-color":"","overlay-opacity":"","overlay-gradient":""}},"ast-content-background-meta":{"desktop":{"background-color":"var(--ast-global-color-5)","background-image":"","background-repeat":"repeat","background-position":"center center","background-size":"auto","background-attachment":"scroll","background-type":"","background-media":"","overlay-type":"","overlay-color":"","overlay-opacity":"","overlay-gradient":""},"tablet":{"background-color":"var(--ast-global-color-5)","background-image":"","background-repeat":"repeat","background-position":"center center","background-size":"auto","background-attachment":"scroll","background-type":"","background-media":"","overlay-type":"","overlay-color":"","overlay-opacity":"","overlay-gradient":""},"mobile":{"background-color":"var(--ast-global-color-5)","background-image":"","background-repeat":"repeat","background-position":"center center","background-size":"auto","background-attachment":"scroll","background-type":"","background-media":"","overlay-type":"","overlay-color":"","overlay-opacity":"","overlay-gradient":""}},"footnotes":""},"class_list":["post-2523","page","type-page","status-publish","hentry"],"_links":{"self":[{"href":"https:\/\/clinica-urologie.ro\/en\/wp-json\/wp\/v2\/pages\/2523","targetHints":{"allow":["GET"]}}],"collection":[{"href":"https:\/\/clinica-urologie.ro\/en\/wp-json\/wp\/v2\/pages"}],"about":[{"href":"https:\/\/clinica-urologie.ro\/en\/wp-json\/wp\/v2\/types\/page"}],"author":[{"embeddable":true,"href":"https:\/\/clinica-urologie.ro\/en\/wp-json\/wp\/v2\/users\/1"}],"replies":[{"embeddable":true,"href":"https:\/\/clinica-urologie.ro\/en\/wp-json\/wp\/v2\/comments?post=2523"}],"version-history":[{"count":28,"href":"https:\/\/clinica-urologie.ro\/en\/wp-json\/wp\/v2\/pages\/2523\/revisions"}],"predecessor-version":[{"id":3423,"href":"https:\/\/clinica-urologie.ro\/en\/wp-json\/wp\/v2\/pages\/2523\/revisions\/3423"}],"wp:attachment":[{"href":"https:\/\/clinica-urologie.ro\/en\/wp-json\/wp\/v2\/media?parent=2523"}],"curies":[{"name":"wp","href":"https:\/\/api.w.org\/{rel}","templated":true}]}}