{"id":2500,"date":"2024-05-04T08:15:23","date_gmt":"2024-05-04T08:15:23","guid":{"rendered":"https:\/\/clinica-urologie.ro\/?page_id=2500"},"modified":"2025-11-21T16:57:15","modified_gmt":"2025-11-21T16:57:15","slug":"tratamentul-prostatitei-cronice","status":"publish","type":"page","link":"https:\/\/clinica-urologie.ro\/en\/tratamentul-prostatitei-cronice\/","title":{"rendered":"Chronic Prostatitis Treatment"},"content":{"rendered":"<div data-elementor-type=\"wp-page\" data-elementor-id=\"2500\" class=\"elementor elementor-2500\">\n\t\t\t\t\t\t<section class=\"elementor-section elementor-top-section elementor-element elementor-element-f51efde elementor-section-height-min-height elementor-section-items-top elementor-section-boxed elementor-section-height-default\" data-id=\"f51efde\" data-element_type=\"section\" data-settings=\"{&quot;background_background&quot;:&quot;classic&quot;}\">\n\t\t\t\t\t\t\t<div class=\"elementor-background-overlay\"><\/div>\n\t\t\t\t\t\t\t<div class=\"elementor-container elementor-column-gap-default\">\n\t\t\t\t\t<div class=\"elementor-column elementor-col-100 elementor-top-column elementor-element elementor-element-53092e4\" data-id=\"53092e4\" data-element_type=\"column\">\n\t\t\t<div class=\"elementor-widget-wrap elementor-element-populated\">\n\t\t\t\t\t\t<div class=\"elementor-element elementor-element-07495c8 elementor-widget elementor-widget-heading\" data-id=\"07495c8\" data-element_type=\"widget\" data-widget_type=\"heading.default\">\n\t\t\t\t<div class=\"elementor-widget-container\">\n\t\t\t\t\t<h2 class=\"elementor-heading-title elementor-size-default\">UROLOGY CLINIC<\/h2>\t\t\t\t<\/div>\n\t\t\t\t<\/div>\n\t\t\t\t<div class=\"elementor-element elementor-element-6d5c779 elementor-widget elementor-widget-heading\" data-id=\"6d5c779\" data-element_type=\"widget\" data-widget_type=\"heading.default\">\n\t\t\t\t<div class=\"elementor-widget-container\">\n\t\t\t\t\t<h1 class=\"elementor-heading-title elementor-size-default\">RO-BOOST<\/h1>\t\t\t\t<\/div>\n\t\t\t\t<\/div>\n\t\t\t\t<div class=\"elementor-element elementor-element-fe02ef8 elementor-widget elementor-widget-heading\" data-id=\"fe02ef8\" data-element_type=\"widget\" data-widget_type=\"heading.default\">\n\t\t\t\t<div class=\"elementor-widget-container\">\n\t\t\t\t\t<h2 class=\"elementor-heading-title elementor-size-default\">We use state-of-the-art medical equipment to provide effective and safe treatments.<br> <br>\n\nWe use state-of-the-art medical equipment to ensure safe and effective treatments.\n\n<br> <br>RO-BOOST applies a multidisciplinary approach in the evaluation and treatment of male health conditions, integrating specialists from complementary fields to achieve optimal therapeutic outcomes.<\/h2>\t\t\t\t<\/div>\n\t\t\t\t<\/div>\n\t\t\t\t<div class=\"elementor-element elementor-element-af99ae2 elementor-align-center elementor-invisible elementor-widget elementor-widget-button\" data-id=\"af99ae2\" data-element_type=\"widget\" data-settings=\"{&quot;_animation&quot;:&quot;fadeInDown&quot;}\" data-widget_type=\"button.default\">\n\t\t\t\t<div class=\"elementor-widget-container\">\n\t\t\t\t\t\t\t\t\t<div class=\"elementor-button-wrapper\">\n\t\t\t\t\t<a class=\"elementor-button elementor-size-sm\" role=\"button\">\n\t\t\t\t\t\t<span class=\"elementor-button-content-wrapper\">\n\t\t\t\t\t\t\t\t\t<span class=\"elementor-button-text\">CONFIDENTIALITY. RELIABILITY. PROFESSIONALISM.<\/span>\n\t\t\t\t\t<\/span>\n\t\t\t\t\t<\/a>\n\t\t\t\t<\/div>\n\t\t\t\t\t\t\t\t<\/div>\n\t\t\t\t<\/div>\n\t\t\t\t\t<\/div>\n\t\t<\/div>\n\t\t\t\t\t<\/div>\n\t\t<\/section>\n\t\t<div class=\"elementor-element elementor-element-0e43e2b e-con-full e-flex e-con e-parent\" data-id=\"0e43e2b\" data-element_type=\"container\" data-settings=\"{&quot;background_background&quot;:&quot;classic&quot;}\">\n\t\t\t\t<div class=\"elementor-element elementor-element-508bcf7 elementor-widget elementor-widget-heading\" data-id=\"508bcf7\" data-element_type=\"widget\" data-widget_type=\"heading.default\">\n\t\t\t\t<div class=\"elementor-widget-container\">\n\t\t\t\t\t<h2 class=\"elementor-heading-title elementor-size-default\">TRATAMENTUL PROSTATITEI CRONICE<\/h2>\t\t\t\t<\/div>\n\t\t\t\t<\/div>\n\t\t\t\t<div class=\"elementor-element elementor-element-e22738e elementor-invisible elementor-widget elementor-widget-heading\" data-id=\"e22738e\" data-element_type=\"widget\" data-settings=\"{&quot;_animation&quot;:&quot;tada&quot;}\" data-widget_type=\"heading.default\">\n\t\t\t\t<div class=\"elementor-widget-container\">\n\t\t\t\t\t<h2 class=\"elementor-heading-title elementor-size-default\">&gt;90% RATA DE SUCCES<\/h2>\t\t\t\t<\/div>\n\t\t\t\t<\/div>\n\t\t\t\t<div class=\"elementor-element elementor-element-017920b elementor-widget elementor-widget-text-editor\" data-id=\"017920b\" data-element_type=\"widget\" data-widget_type=\"text-editor.default\">\n\t\t\t\t<div class=\"elementor-widget-container\">\n\t\t\t\t\t\t\t\t\t<p class=\"p1\">Suntem mandri sa punem acest tratament revolutionar la dispozitia barbatilor care se adreseaza clinicii noastre. Eliminati disfunctia erectila si redobanditi-va masculinitatea si performanta sexuala! La RO<strong>BOOST<\/strong>, suntem dedicati sa oferim pacientilor nostri cele mai noi solutii pentru tratamentul prostatitei cronice.<\/p>\t\t\t\t\t\t\t\t<\/div>\n\t\t\t\t<\/div>\n\t\t\t\t<\/div>\n\t\t<div class=\"elementor-element elementor-element-8f7a466 e-con-full e-flex e-con e-parent\" data-id=\"8f7a466\" data-element_type=\"container\">\n\t\t<div class=\"elementor-element elementor-element-d9d7ca1 e-con-full e-flex e-con e-child\" data-id=\"d9d7ca1\" data-element_type=\"container\">\n\t\t\t\t<div class=\"elementor-element elementor-element-d6c03aa elementor-widget__width-initial elementor-widget elementor-widget-image\" data-id=\"d6c03aa\" data-element_type=\"widget\" data-widget_type=\"image.default\">\n\t\t\t\t<div class=\"elementor-widget-container\">\n\t\t\t\t\t\t\t\t\t\t\t\t\t\t\t<img fetchpriority=\"high\" decoding=\"async\" width=\"1080\" height=\"1080\" src=\"https:\/\/clinica-urologie.ro\/wp-content\/uploads\/2024\/04\/poza-eswt.jpg\" class=\"attachment-1536x1536 size-1536x1536 wp-image-1826\" alt=\"tehnica ESWT clinica ro-boost\" srcset=\"https:\/\/clinica-urologie.ro\/wp-content\/uploads\/2024\/04\/poza-eswt.jpg 1080w, https:\/\/clinica-urologie.ro\/wp-content\/uploads\/2024\/04\/poza-eswt-300x300.jpg 300w, https:\/\/clinica-urologie.ro\/wp-content\/uploads\/2024\/04\/poza-eswt-1024x1024.jpg 1024w, https:\/\/clinica-urologie.ro\/wp-content\/uploads\/2024\/04\/poza-eswt-150x150.jpg 150w, https:\/\/clinica-urologie.ro\/wp-content\/uploads\/2024\/04\/poza-eswt-768x768.jpg 768w, https:\/\/clinica-urologie.ro\/wp-content\/uploads\/2024\/04\/poza-eswt-600x600.jpg 600w, https:\/\/clinica-urologie.ro\/wp-content\/uploads\/2024\/04\/poza-eswt-100x100.jpg 100w\" sizes=\"(max-width: 1080px) 100vw, 1080px\" \/>\t\t\t\t\t\t\t\t\t\t\t\t\t\t\t<\/div>\n\t\t\t\t<\/div>\n\t\t\t\t<div class=\"elementor-element elementor-element-023a444 elementor-align-center elementor-widget elementor-widget-button\" data-id=\"023a444\" data-element_type=\"widget\" data-widget_type=\"button.default\">\n\t\t\t\t<div class=\"elementor-widget-container\">\n\t\t\t\t\t\t\t\t\t<div class=\"elementor-button-wrapper\">\n\t\t\t\t\t<a class=\"elementor-button elementor-button-link elementor-size-sm\" href=\"https:\/\/clinica-urologie.ro\/wp-content\/uploads\/2024\/04\/DUOLITH-SD1-ultra-URO.pdf#\">\n\t\t\t\t\t\t<span class=\"elementor-button-content-wrapper\">\n\t\t\t\t\t\t\t\t\t<span class=\"elementor-button-text\">PREZENTARE TEHNICA ECHIPAMENT<\/span>\n\t\t\t\t\t<\/span>\n\t\t\t\t\t<\/a>\n\t\t\t\t<\/div>\n\t\t\t\t\t\t\t\t<\/div>\n\t\t\t\t<\/div>\n\t\t\t\t<\/div>\n\t\t<div class=\"elementor-element elementor-element-297ba0f e-con-full e-flex e-con e-child\" data-id=\"297ba0f\" data-element_type=\"container\">\n\t\t\t\t<div class=\"elementor-element elementor-element-2ad6aa1 elementor-widget elementor-widget-heading\" data-id=\"2ad6aa1\" data-element_type=\"widget\" data-widget_type=\"heading.default\">\n\t\t\t\t<div class=\"elementor-widget-container\">\n\t\t\t\t\t<h2 class=\"elementor-heading-title elementor-size-default\">Terapia ESWT (cu unde de soc)<\/h2>\t\t\t\t<\/div>\n\t\t\t\t<\/div>\n\t\t\t\t<div class=\"elementor-element elementor-element-b381cbd elementor-widget elementor-widget-text-editor\" data-id=\"b381cbd\" data-element_type=\"widget\" data-widget_type=\"text-editor.default\">\n\t\t\t\t<div class=\"elementor-widget-container\">\n\t\t\t\t\t\t\t\t\t<p>Tehnologia ESWT cu unde de soc este cea mai moderna metoda de tratament a prostatitei cronice si este neinvaziva, fara nicio durere si fara existenta de efecte secundare. Pana la momentul aparitiei acestei tehnologii, tratamentul clasic al prostatitei cronice consta doar in administrarea de antibiotice si antiinflamatoare. Dezavantajul consta in faptul ca in pofida tratamentului medicamentos afectiunea recidiveaza frecvent. Asocierea terapiei ESWT duce la vindecare definitiva a afectiunii sau remisiuni ale simptomelor pe perioade de luni sau ani de zile.<\/p><p>Terapia cu unde de soc este singura terapie non-invaziva oferita pentru a restabili structura si metabolismul normal al tesutului prostatic. Mai multe studii au aratat ca majoritatea barbatilor vor experimenta dupa tratament o imbunatatire semnificativa a calitatii vietii, cu disparitia simptomelor urinare sau reducerea lor la minim. Fiind una dintre putinele clinici din Romania care ofera aceasta procedura, efectuam terapie cu unde de soc de peste 4 ani. Procedura este confirmata de catre E.A.U. (Asociatia Urologica Europeana) ca fiind singura terapie non-medicamentoasa eficienta in tratamentul prostatitei cronice, fiind mentionata ca atare in ghidul european de practica medicala urologica, si validata de experienta mai multor clinici medicale europene. S-a dovedit stiintific faptul ca undele de soc de joasa intensitate stimuleaza formarea de noi vase de sange la nivelul tesutului prostatic, restabilind metabolismul normal al glandei, inlaturand efectele inflamatiei cronice.<\/p><p>Undele ultrasonice sunt aplicate in sedinte de circa 15 minute la nivelul perineului si focalizate ca adancime pentru a\u00a0patrunde in profunzimea\u00a0glandei prostatice.<\/p><p>Undele livreaza o\u00a0cantitate mare de energie focalizata la circa 3-4 cm adancime, care produce un efect de remaniere a\u00a0tesuturilor afectate si revascularizare, stimuland anumite procese biochimice care au ca rezultat normalizarea structurii anatomice prostatice afectate si diminuare considerabila a\u00a0simptomelor urinare.<\/p>\t\t\t\t\t\t\t\t<\/div>\n\t\t\t\t<\/div>\n\t\t\t\t<\/div>\n\t\t\t\t<\/div>\n\t\t<div class=\"elementor-element elementor-element-1097043 e-con-full e-flex e-con e-parent\" data-id=\"1097043\" data-element_type=\"container\" data-settings=\"{&quot;background_background&quot;:&quot;classic&quot;}\">\n\t\t\t\t<\/div>\n\t\t\t\t<section class=\"elementor-section elementor-top-section elementor-element elementor-element-57591ce elementor-section-content-middle elementor-section-boxed elementor-section-height-default elementor-section-height-default\" data-id=\"57591ce\" data-element_type=\"section\" data-settings=\"{&quot;background_background&quot;:&quot;classic&quot;}\">\n\t\t\t\t\t\t<div class=\"elementor-container elementor-column-gap-default\">\n\t\t\t\t\t<div class=\"elementor-column elementor-col-100 elementor-top-column elementor-element elementor-element-15675ce\" data-id=\"15675ce\" data-element_type=\"column\">\n\t\t\t<div class=\"elementor-widget-wrap elementor-element-populated\">\n\t\t\t\t\t\t<div class=\"elementor-element elementor-element-a3adf5c elementor-widget elementor-widget-heading\" data-id=\"a3adf5c\" data-element_type=\"widget\" data-widget_type=\"heading.default\">\n\t\t\t\t<div class=\"elementor-widget-container\">\n\t\t\t\t\t<h2 class=\"elementor-heading-title elementor-size-default\">RECOGNIZING THE SEXUAL PROBLEM YOU ARE FACING AND OVERCOMING THE HESITATION TO CONSULT A SPECIALIST DOCTOR ARE ESSENTIAL<\/h2>\t\t\t\t<\/div>\n\t\t\t\t<\/div>\n\t\t\t\t<div class=\"elementor-element elementor-element-cd6d96f elementor-align-center elementor-widget elementor-widget-button\" data-id=\"cd6d96f\" data-element_type=\"widget\" data-widget_type=\"button.default\">\n\t\t\t\t<div class=\"elementor-widget-container\">\n\t\t\t\t\t\t\t\t\t<div class=\"elementor-button-wrapper\">\n\t\t\t\t\t<a class=\"elementor-button elementor-button-link elementor-size-sm\" href=\"https:\/\/programari.ro-boost.ro\/Appointments\/IndexAppointments\">\n\t\t\t\t\t\t<span class=\"elementor-button-content-wrapper\">\n\t\t\t\t\t\t\t\t\t<span class=\"elementor-button-text\">APPOINTMENT<\/span>\n\t\t\t\t\t<\/span>\n\t\t\t\t\t<\/a>\n\t\t\t\t<\/div>\n\t\t\t\t\t\t\t\t<\/div>\n\t\t\t\t<\/div>\n\t\t\t\t\t<\/div>\n\t\t<\/div>\n\t\t\t\t\t<\/div>\n\t\t<\/section>\n\t\t<div class=\"elementor-element elementor-element-b4443c3 e-con-full e-flex e-con e-parent\" data-id=\"b4443c3\" data-element_type=\"container\">\n\t\t<div class=\"elementor-element elementor-element-4d299d0 e-con-full e-flex e-con e-child\" data-id=\"4d299d0\" data-element_type=\"container\">\n\t\t\t\t<div class=\"elementor-element elementor-element-25f51f0 elementor-widget elementor-widget-heading\" data-id=\"25f51f0\" data-element_type=\"widget\" data-widget_type=\"heading.default\">\n\t\t\t\t<div class=\"elementor-widget-container\">\n\t\t\t\t\t<h2 class=\"elementor-heading-title elementor-size-default\">CUM TRATEAZA TERAPIA ESWT PROSTATITA CRONICA?<\/h2>\t\t\t\t<\/div>\n\t\t\t\t<\/div>\n\t\t\t\t<div class=\"elementor-element elementor-element-ce12b2f elementor-widget elementor-widget-text-editor\" data-id=\"ce12b2f\" data-element_type=\"widget\" data-widget_type=\"text-editor.default\">\n\t\t\t\t<div class=\"elementor-widget-container\">\n\t\t\t\t\t\t\t\t\t<p>Tratamentul prostatitei bacteriene se face actualmente prin terapie combinata constand in terapie ESWT asociata cu antibiotice care pot anihila bacteriile din uretra. Daca simptomele sunt severe, medicul specialist poate recomanda administrarea antibioticelor pe cale intravenoasa, alaturi de antiinflamatoare, trofice prostatice si medicamente care usureaza urinarea (sau alfa-blocanti). Tratamentul poate dura intre 4 si 6 saptamani si este foarte important ca pacientul sa il respecte pe toata durata sugerata de medicul specialist, chiar daca simptomele se amelioreaza dupa primele zile.<\/p><p>Exista si tratamente naturiste pentru prostatita, care pot ajuta la ameliorarea simptomelor. Acestea pot fi bai si comprese calde, precum si diferite tipuri de ceaiuri. Ceaiul de pufulita, ghimpe, urzica si patlagina sunt cateva alternative naturiste care au efect in cazul acestei afectiuni, la fel ca propolisul.<\/p><p>Pe durata tratamentului, pacientul trebuie sa evite alcoolul, cafeina si alimentele picante, care pot irita vezica urinara. \u00a0\u00a0<\/p><ul><li style=\"list-style-type: none;\"><ul><li>Tratamentul se realizeaza cu unde ultrasonice aplicate la nivelul perineului si focalizate astfel incat sa patrunda in interiorul glandei prostatice.<\/li><li>\u0218edintele dureaza 15 de minute.<\/li><li>Se efectueaza 4-6 sedinte saptamanale.<\/li><li>Uneori (10-20% din cazuri), simptomele pot reveni dar de o intensitate mai mica la intervale de timp de cateva luni, ani. In aceste cazuri se pot efectua 2-4 sedinte de intretinere, cu efect de asemenea de lunga durata.<\/li><\/ul><\/li><\/ul>\t\t\t\t\t\t\t\t<\/div>\n\t\t\t\t<\/div>\n\t\t\t\t<\/div>\n\t\t<div class=\"elementor-element elementor-element-e4a9fcc e-con-full e-flex e-con e-child\" data-id=\"e4a9fcc\" data-element_type=\"container\">\n\t\t\t\t<div class=\"elementor-element elementor-element-ae1e874 elementor-widget elementor-widget-heading\" data-id=\"ae1e874\" data-element_type=\"widget\" data-widget_type=\"heading.default\">\n\t\t\t\t<div class=\"elementor-widget-container\">\n\t\t\t\t\t<h2 class=\"elementor-heading-title elementor-size-default\">INVESTIGATII NECESARE<\/h2>\t\t\t\t<\/div>\n\t\t\t\t<\/div>\n\t\t\t\t<div class=\"elementor-element elementor-element-774b3e7 elementor-widget elementor-widget-text-editor\" data-id=\"774b3e7\" data-element_type=\"widget\" data-widget_type=\"text-editor.default\">\n\t\t\t\t<div class=\"elementor-widget-container\">\n\t\t\t\t\t\t\t\t\t<ul><li><p><strong>Urine tests<\/strong><\/p><p>Acestea sunt necesare pentru a\u00a0indica medicului specialist daca exista o\u00a0infectie urinara asociata sau nu. Uroflowmetria (masurarea debitului urinar) este si ea necesara. Prin aceasta investigatie, poate fi masurata presiunea fluxului de urina. Prin aceste teste si analize pot fi depistate obstacole care exista la nivelul prostatei, uretrei sau muschilor pelvieni.<\/p><p><strong>Blood tests<\/strong><\/p><p>They may be necessary for an accurate diagnosis of prostatitis. Blood tests can also reveal signs of a possible infection or prostate-related issues.<\/p><p><strong>Imaging investigations<\/strong><\/p><p>Scanarea CT a\u00a0tractului urinar poate fi de mare folos in diagnosticarea prostatitei, aceasta oferind imagini de o\u00a0acuratete ridicata, ce pot ajuta medicul specialist. Ecografia de aparat urinar este si ea utila in diagnosticare.<\/p><p>If not diagnosed in time, prostatitis can lead to acute urinary retention, infertility, and severe dysfunctions of the reproductive system.<\/p><\/li><\/ul>\t\t\t\t\t\t\t\t<\/div>\n\t\t\t\t<\/div>\n\t\t\t\t<\/div>\n\t\t<div class=\"elementor-element elementor-element-f6973bd e-con-full e-flex e-con e-child\" data-id=\"f6973bd\" data-element_type=\"container\">\n\t\t\t\t<div class=\"elementor-element elementor-element-34906dd elementor-widget elementor-widget-heading\" data-id=\"34906dd\" data-element_type=\"widget\" data-widget_type=\"heading.default\">\n\t\t\t\t<div class=\"elementor-widget-container\">\n\t\t\t\t\t<h2 class=\"elementor-heading-title elementor-size-default\">REZULTATE<\/h2>\t\t\t\t<\/div>\n\t\t\t\t<\/div>\n\t\t\t\t<div class=\"elementor-element elementor-element-b36da76 elementor-widget elementor-widget-text-editor\" data-id=\"b36da76\" data-element_type=\"widget\" data-widget_type=\"text-editor.default\">\n\t\t\t\t<div class=\"elementor-widget-container\">\n\t\t\t\t\t\t\t\t\t<p>Pacientii nostri vad de obicei rezultate in timpul tratamentului sau in perioada imediat urmatoare si pot pastra aceste beneficii pana la cativa ani de zile.\u00a0 Pentru cei care nu pot folosi medicamente, ESWT deschide o noua cale pentru recastigarea bunastarii sexuale.<\/p><p>Terapia cu unde de soc este un sistem inovator de administrare a tratamentului, care permite barbatilor cu DE sa-si recapete raspunsul normal si natural la excitatia sexuala \u2013 fara medicamente, riscuri pentru sanatate sau efecte secundare.<\/p>\t\t\t\t\t\t\t\t<\/div>\n\t\t\t\t<\/div>\n\t\t\t\t<\/div>\n\t\t\t\t<\/div>\n\t\t<div class=\"elementor-element elementor-element-1b7e33b e-flex e-con-boxed e-con e-parent\" data-id=\"1b7e33b\" data-element_type=\"container\">\n\t\t\t\t\t<div class=\"e-con-inner\">\n\t\t\t\t<div class=\"elementor-element elementor-element-191df10 elementor-widget-divider--view-line elementor-widget elementor-widget-divider\" data-id=\"191df10\" data-element_type=\"widget\" data-widget_type=\"divider.default\">\n\t\t\t\t<div class=\"elementor-widget-container\">\n\t\t\t\t\t\t\t<div class=\"elementor-divider\">\n\t\t\t<span class=\"elementor-divider-separator\">\n\t\t\t\t\t\t<\/span>\n\t\t<\/div>\n\t\t\t\t\t\t<\/div>\n\t\t\t\t<\/div>\n\t\t\t\t\t<\/div>\n\t\t\t\t<\/div>\n\t\t\t\t<\/div>","protected":false},"excerpt":{"rendered":"<p>CLINICA DE UROLOGIE RO-BOOST Utilizam echipamente medicale de ultima generatie, pentru tratamente eficiente si sigure. RO-BOOST aplic\u0103 o abordare multidisciplinar\u0103 \u00een evaluarea \u0219i tratamentul afec\u021biunilor masculine, integr\u00e2nd speciali\u0219ti din domenii complementare, pentru rezultate terapeutice optime. CONFIDENTIALITATE. SERIOZITATE. PROFESIONALISM. TRATAMENTUL PROSTATITEI CRONICE &gt;90% RATA DE SUCCES Suntem mandri sa punem acest tratament revolutionar la dispozitia barbatilor [&hellip;]<\/p>","protected":false},"author":1,"featured_media":0,"parent":0,"menu_order":0,"comment_status":"closed","ping_status":"closed","template":"","meta":{"site-sidebar-layout":"no-sidebar","site-content-layout":"page-builder","ast-site-content-layout":"full-width-container","site-content-style":"default","site-sidebar-style":"default","ast-global-header-display":"","ast-banner-title-visibility":"","ast-main-header-display":"","ast-hfb-above-header-display":"","ast-hfb-below-header-display":"","ast-hfb-mobile-header-display":"","site-post-title":"disabled","ast-breadcrumbs-content":"","ast-featured-img":"disabled","footer-sml-layout":"","theme-transparent-header-meta":"","adv-header-id-meta":"","stick-header-meta":"","header-above-stick-meta":"","header-main-stick-meta":"","header-below-stick-meta":"","astra-migrate-meta-layouts":"set","ast-page-background-enabled":"default","ast-page-background-meta":{"desktop":{"background-color":"var(--ast-global-color-4)","background-image":"","background-repeat":"repeat","background-position":"center center","background-size":"auto","background-attachment":"scroll","background-type":"","background-media":"","overlay-type":"","overlay-color":"","overlay-opacity":"","overlay-gradient":""},"tablet":{"background-color":"","background-image":"","background-repeat":"repeat","background-position":"center center","background-size":"auto","background-attachment":"scroll","background-type":"","background-media":"","overlay-type":"","overlay-color":"","overlay-opacity":"","overlay-gradient":""},"mobile":{"background-color":"","background-image":"","background-repeat":"repeat","background-position":"center center","background-size":"auto","background-attachment":"scroll","background-type":"","background-media":"","overlay-type":"","overlay-color":"","overlay-opacity":"","overlay-gradient":""}},"ast-content-background-meta":{"desktop":{"background-color":"var(--ast-global-color-5)","background-image":"","background-repeat":"repeat","background-position":"center center","background-size":"auto","background-attachment":"scroll","background-type":"","background-media":"","overlay-type":"","overlay-color":"","overlay-opacity":"","overlay-gradient":""},"tablet":{"background-color":"var(--ast-global-color-5)","background-image":"","background-repeat":"repeat","background-position":"center center","background-size":"auto","background-attachment":"scroll","background-type":"","background-media":"","overlay-type":"","overlay-color":"","overlay-opacity":"","overlay-gradient":""},"mobile":{"background-color":"var(--ast-global-color-5)","background-image":"","background-repeat":"repeat","background-position":"center center","background-size":"auto","background-attachment":"scroll","background-type":"","background-media":"","overlay-type":"","overlay-color":"","overlay-opacity":"","overlay-gradient":""}},"footnotes":""},"class_list":["post-2500","page","type-page","status-publish","hentry"],"_links":{"self":[{"href":"https:\/\/clinica-urologie.ro\/en\/wp-json\/wp\/v2\/pages\/2500","targetHints":{"allow":["GET"]}}],"collection":[{"href":"https:\/\/clinica-urologie.ro\/en\/wp-json\/wp\/v2\/pages"}],"about":[{"href":"https:\/\/clinica-urologie.ro\/en\/wp-json\/wp\/v2\/types\/page"}],"author":[{"embeddable":true,"href":"https:\/\/clinica-urologie.ro\/en\/wp-json\/wp\/v2\/users\/1"}],"replies":[{"embeddable":true,"href":"https:\/\/clinica-urologie.ro\/en\/wp-json\/wp\/v2\/comments?post=2500"}],"version-history":[{"count":25,"href":"https:\/\/clinica-urologie.ro\/en\/wp-json\/wp\/v2\/pages\/2500\/revisions"}],"predecessor-version":[{"id":3426,"href":"https:\/\/clinica-urologie.ro\/en\/wp-json\/wp\/v2\/pages\/2500\/revisions\/3426"}],"wp:attachment":[{"href":"https:\/\/clinica-urologie.ro\/en\/wp-json\/wp\/v2\/media?parent=2500"}],"curies":[{"name":"wp","href":"https:\/\/api.w.org\/{rel}","templated":true}]}}