{"id":2078,"date":"2024-04-28T07:18:46","date_gmt":"2024-04-28T07:18:46","guid":{"rendered":"https:\/\/clinica-urologie.ro\/?page_id=2078"},"modified":"2025-11-21T16:59:12","modified_gmt":"2025-11-21T16:59:12","slug":"studii","status":"publish","type":"page","link":"https:\/\/clinica-urologie.ro\/en\/studii\/","title":{"rendered":"Studies"},"content":{"rendered":"<div data-elementor-type=\"wp-page\" data-elementor-id=\"2078\" class=\"elementor elementor-2078\">\n\t\t\t\t\t\t<section class=\"elementor-section elementor-top-section elementor-element elementor-element-55f0a7e elementor-section-height-min-height elementor-section-items-top elementor-section-boxed elementor-section-height-default\" data-id=\"55f0a7e\" data-element_type=\"section\" data-settings=\"{&quot;background_background&quot;:&quot;classic&quot;}\">\n\t\t\t\t\t\t\t<div class=\"elementor-background-overlay\"><\/div>\n\t\t\t\t\t\t\t<div class=\"elementor-container elementor-column-gap-default\">\n\t\t\t\t\t<div class=\"elementor-column elementor-col-100 elementor-top-column elementor-element elementor-element-966fbc2\" data-id=\"966fbc2\" data-element_type=\"column\">\n\t\t\t<div class=\"elementor-widget-wrap elementor-element-populated\">\n\t\t\t\t\t\t<div class=\"elementor-element elementor-element-23af69c elementor-widget elementor-widget-heading\" data-id=\"23af69c\" data-element_type=\"widget\" data-widget_type=\"heading.default\">\n\t\t\t\t<div class=\"elementor-widget-container\">\n\t\t\t\t\t<h2 class=\"elementor-heading-title elementor-size-default\">UROLOGY CLINIC<\/h2>\t\t\t\t<\/div>\n\t\t\t\t<\/div>\n\t\t\t\t<div class=\"elementor-element elementor-element-7bfa8b9 elementor-widget elementor-widget-heading\" data-id=\"7bfa8b9\" data-element_type=\"widget\" data-widget_type=\"heading.default\">\n\t\t\t\t<div class=\"elementor-widget-container\">\n\t\t\t\t\t<h1 class=\"elementor-heading-title elementor-size-default\">RO-BOOST<\/h1>\t\t\t\t<\/div>\n\t\t\t\t<\/div>\n\t\t\t\t<div class=\"elementor-element elementor-element-6e89126 elementor-widget elementor-widget-heading\" data-id=\"6e89126\" data-element_type=\"widget\" data-widget_type=\"heading.default\">\n\t\t\t\t<div class=\"elementor-widget-container\">\n\t\t\t\t\t<h2 class=\"elementor-heading-title elementor-size-default\">We use state-of-the-art medical equipment to provide effective and safe treatments.<br> <br>\n\nWe use state-of-the-art medical equipment to ensure safe and effective treatments.\n\n<br> <br>RO-BOOST applies a multidisciplinary approach in the evaluation and treatment of male health conditions, integrating specialists from complementary fields to achieve optimal therapeutic outcomes.<\/h2>\t\t\t\t<\/div>\n\t\t\t\t<\/div>\n\t\t\t\t<div class=\"elementor-element elementor-element-a2c67d6 elementor-align-center elementor-invisible elementor-widget elementor-widget-button\" data-id=\"a2c67d6\" data-element_type=\"widget\" data-settings=\"{&quot;_animation&quot;:&quot;fadeInDown&quot;}\" data-widget_type=\"button.default\">\n\t\t\t\t<div class=\"elementor-widget-container\">\n\t\t\t\t\t\t\t\t\t<div class=\"elementor-button-wrapper\">\n\t\t\t\t\t<a class=\"elementor-button elementor-size-sm\" role=\"button\">\n\t\t\t\t\t\t<span class=\"elementor-button-content-wrapper\">\n\t\t\t\t\t\t\t\t\t<span class=\"elementor-button-text\">CONFIDENTIALITY. RELIABILITY. PROFESSIONALISM.<\/span>\n\t\t\t\t\t<\/span>\n\t\t\t\t\t<\/a>\n\t\t\t\t<\/div>\n\t\t\t\t\t\t\t\t<\/div>\n\t\t\t\t<\/div>\n\t\t\t\t\t<\/div>\n\t\t<\/div>\n\t\t\t\t\t<\/div>\n\t\t<\/section>\n\t\t<div class=\"elementor-element elementor-element-4cddd59 e-flex e-con-boxed e-con e-parent\" data-id=\"4cddd59\" data-element_type=\"container\">\n\t\t\t\t\t<div class=\"e-con-inner\">\n\t\t<div class=\"elementor-element elementor-element-f822224 e-con-full e-flex e-con e-child\" data-id=\"f822224\" data-element_type=\"container\">\n\t\t\t\t<div class=\"elementor-element elementor-element-a7d9150 elementor-widget elementor-widget-image\" data-id=\"a7d9150\" data-element_type=\"widget\" data-widget_type=\"image.default\">\n\t\t\t\t<div class=\"elementor-widget-container\">\n\t\t\t\t\t\t\t\t\t\t\t\t\t\t\t<img fetchpriority=\"high\" decoding=\"async\" width=\"800\" height=\"800\" src=\"https:\/\/clinica-urologie.ro\/wp-content\/uploads\/2024\/04\/ARTICOL-7.jpg\" class=\"attachment-large size-large wp-image-2219\" alt=\"Check-up-\u2013-Thurner-Stosswellen-ARTICLE\" srcset=\"https:\/\/clinica-urologie.ro\/wp-content\/uploads\/2024\/04\/ARTICOL-7.jpg 800w, https:\/\/clinica-urologie.ro\/wp-content\/uploads\/2024\/04\/ARTICOL-7-300x300.jpg 300w, https:\/\/clinica-urologie.ro\/wp-content\/uploads\/2024\/04\/ARTICOL-7-150x150.jpg 150w, https:\/\/clinica-urologie.ro\/wp-content\/uploads\/2024\/04\/ARTICOL-7-768x768.jpg 768w, https:\/\/clinica-urologie.ro\/wp-content\/uploads\/2024\/04\/ARTICOL-7-600x600.jpg 600w, https:\/\/clinica-urologie.ro\/wp-content\/uploads\/2024\/04\/ARTICOL-7-100x100.jpg 100w\" sizes=\"(max-width: 800px) 100vw, 800px\" \/>\t\t\t\t\t\t\t\t\t\t\t\t\t\t\t<\/div>\n\t\t\t\t<\/div>\n\t\t\t\t<div class=\"elementor-element elementor-element-e8cb029 elementor-align-justify elementor-widget elementor-widget-button\" data-id=\"e8cb029\" data-element_type=\"widget\" data-widget_type=\"button.default\">\n\t\t\t\t<div class=\"elementor-widget-container\">\n\t\t\t\t\t\t\t\t\t<div class=\"elementor-button-wrapper\">\n\t\t\t\t\t<a class=\"elementor-button elementor-button-link elementor-size-sm\" href=\"https:\/\/clinica-urologie.ro\/wp-content\/uploads\/2024\/09\/articol-fara.pdf\">\n\t\t\t\t\t\t<span class=\"elementor-button-content-wrapper\">\n\t\t\t\t\t\t\t\t\t<span class=\"elementor-button-text\">CITESTE<\/span>\n\t\t\t\t\t<\/span>\n\t\t\t\t\t<\/a>\n\t\t\t\t<\/div>\n\t\t\t\t\t\t\t\t<\/div>\n\t\t\t\t<\/div>\n\t\t\t\t<\/div>\n\t\t<div class=\"elementor-element elementor-element-1cce155 e-con-full e-flex e-con e-child\" data-id=\"1cce155\" data-element_type=\"container\">\n\t\t\t\t<div class=\"elementor-element elementor-element-dcb061e elementor-widget elementor-widget-image\" data-id=\"dcb061e\" data-element_type=\"widget\" data-widget_type=\"image.default\">\n\t\t\t\t<div class=\"elementor-widget-container\">\n\t\t\t\t\t\t\t\t\t\t\t\t\t\t\t<img decoding=\"async\" width=\"800\" height=\"800\" src=\"https:\/\/clinica-urologie.ro\/wp-content\/uploads\/2024\/04\/ARTICOL-1.jpg\" class=\"attachment-large size-large wp-image-2187\" alt=\"Noam-D.-Kitrey-MD-FECSM-ARTICLE\" srcset=\"https:\/\/clinica-urologie.ro\/wp-content\/uploads\/2024\/04\/ARTICOL-1.jpg 800w, https:\/\/clinica-urologie.ro\/wp-content\/uploads\/2024\/04\/ARTICOL-1-300x300.jpg 300w, https:\/\/clinica-urologie.ro\/wp-content\/uploads\/2024\/04\/ARTICOL-1-150x150.jpg 150w, https:\/\/clinica-urologie.ro\/wp-content\/uploads\/2024\/04\/ARTICOL-1-768x768.jpg 768w, https:\/\/clinica-urologie.ro\/wp-content\/uploads\/2024\/04\/ARTICOL-1-600x600.jpg 600w, https:\/\/clinica-urologie.ro\/wp-content\/uploads\/2024\/04\/ARTICOL-1-100x100.jpg 100w\" sizes=\"(max-width: 800px) 100vw, 800px\" \/>\t\t\t\t\t\t\t\t\t\t\t\t\t\t\t<\/div>\n\t\t\t\t<\/div>\n\t\t\t\t<div class=\"elementor-element elementor-element-bc47ccb elementor-align-justify elementor-widget elementor-widget-button\" data-id=\"bc47ccb\" data-element_type=\"widget\" data-widget_type=\"button.default\">\n\t\t\t\t<div class=\"elementor-widget-container\">\n\t\t\t\t\t\t\t\t\t<div class=\"elementor-button-wrapper\">\n\t\t\t\t\t<a class=\"elementor-button elementor-button-link elementor-size-sm\" href=\"https:\/\/clinica-urologie.ro\/wp-content\/uploads\/2024\/09\/NOAM-modif.pdf\">\n\t\t\t\t\t\t<span class=\"elementor-button-content-wrapper\">\n\t\t\t\t\t\t\t\t\t<span class=\"elementor-button-text\">CITESTE<\/span>\n\t\t\t\t\t<\/span>\n\t\t\t\t\t<\/a>\n\t\t\t\t<\/div>\n\t\t\t\t\t\t\t\t<\/div>\n\t\t\t\t<\/div>\n\t\t\t\t<\/div>\n\t\t<div class=\"elementor-element elementor-element-09fdf1d e-con-full e-flex e-con e-child\" data-id=\"09fdf1d\" data-element_type=\"container\">\n\t\t\t\t<div class=\"elementor-element elementor-element-7bc4f3f elementor-widget elementor-widget-image\" data-id=\"7bc4f3f\" data-element_type=\"widget\" data-widget_type=\"image.default\">\n\t\t\t\t<div class=\"elementor-widget-container\">\n\t\t\t\t\t\t\t\t\t\t\t\t\t\t\t<img decoding=\"async\" width=\"800\" height=\"800\" src=\"https:\/\/clinica-urologie.ro\/wp-content\/uploads\/2024\/04\/ARTICOL-3.jpg\" class=\"attachment-large size-large wp-image-2196\" alt=\"\" srcset=\"https:\/\/clinica-urologie.ro\/wp-content\/uploads\/2024\/04\/ARTICOL-3.jpg 800w, https:\/\/clinica-urologie.ro\/wp-content\/uploads\/2024\/04\/ARTICOL-3-300x300.jpg 300w, https:\/\/clinica-urologie.ro\/wp-content\/uploads\/2024\/04\/ARTICOL-3-150x150.jpg 150w, https:\/\/clinica-urologie.ro\/wp-content\/uploads\/2024\/04\/ARTICOL-3-768x768.jpg 768w, https:\/\/clinica-urologie.ro\/wp-content\/uploads\/2024\/04\/ARTICOL-3-600x600.jpg 600w, https:\/\/clinica-urologie.ro\/wp-content\/uploads\/2024\/04\/ARTICOL-3-100x100.jpg 100w\" sizes=\"(max-width: 800px) 100vw, 800px\" \/>\t\t\t\t\t\t\t\t\t\t\t\t\t\t\t<\/div>\n\t\t\t\t<\/div>\n\t\t\t\t<div class=\"elementor-element elementor-element-462d77b elementor-align-justify elementor-widget elementor-widget-button\" data-id=\"462d77b\" data-element_type=\"widget\" data-widget_type=\"button.default\">\n\t\t\t\t<div class=\"elementor-widget-container\">\n\t\t\t\t\t\t\t\t\t<div class=\"elementor-button-wrapper\">\n\t\t\t\t\t<a class=\"elementor-button elementor-button-link elementor-size-sm\" href=\"https:\/\/clinica-urologie.ro\/wp-content\/uploads\/2024\/04\/Scandinavian-Journal-of-Urology-ARTICLE.pdf\">\n\t\t\t\t\t\t<span class=\"elementor-button-content-wrapper\">\n\t\t\t\t\t\t\t\t\t<span class=\"elementor-button-text\">CITESTE<\/span>\n\t\t\t\t\t<\/span>\n\t\t\t\t\t<\/a>\n\t\t\t\t<\/div>\n\t\t\t\t\t\t\t\t<\/div>\n\t\t\t\t<\/div>\n\t\t\t\t<\/div>\n\t\t<div class=\"elementor-element elementor-element-02a0582 e-con-full e-flex e-con e-child\" data-id=\"02a0582\" data-element_type=\"container\">\n\t\t\t\t<div class=\"elementor-element elementor-element-e98d31a elementor-widget elementor-widget-image\" data-id=\"e98d31a\" data-element_type=\"widget\" data-widget_type=\"image.default\">\n\t\t\t\t<div class=\"elementor-widget-container\">\n\t\t\t\t\t\t\t\t\t\t\t\t\t\t\t<img loading=\"lazy\" decoding=\"async\" width=\"800\" height=\"800\" src=\"https:\/\/clinica-urologie.ro\/wp-content\/uploads\/2024\/04\/ARTICOL-2.jpg\" class=\"attachment-large size-large wp-image-2188\" alt=\"\" srcset=\"https:\/\/clinica-urologie.ro\/wp-content\/uploads\/2024\/04\/ARTICOL-2.jpg 800w, https:\/\/clinica-urologie.ro\/wp-content\/uploads\/2024\/04\/ARTICOL-2-300x300.jpg 300w, https:\/\/clinica-urologie.ro\/wp-content\/uploads\/2024\/04\/ARTICOL-2-150x150.jpg 150w, https:\/\/clinica-urologie.ro\/wp-content\/uploads\/2024\/04\/ARTICOL-2-768x768.jpg 768w, https:\/\/clinica-urologie.ro\/wp-content\/uploads\/2024\/04\/ARTICOL-2-600x600.jpg 600w, https:\/\/clinica-urologie.ro\/wp-content\/uploads\/2024\/04\/ARTICOL-2-100x100.jpg 100w\" sizes=\"(max-width: 800px) 100vw, 800px\" \/>\t\t\t\t\t\t\t\t\t\t\t\t\t\t\t<\/div>\n\t\t\t\t<\/div>\n\t\t\t\t<div class=\"elementor-element elementor-element-9b3f9b7 elementor-align-justify elementor-widget elementor-widget-button\" data-id=\"9b3f9b7\" data-element_type=\"widget\" data-widget_type=\"button.default\">\n\t\t\t\t<div class=\"elementor-widget-container\">\n\t\t\t\t\t\t\t\t\t<div class=\"elementor-button-wrapper\">\n\t\t\t\t\t<a class=\"elementor-button elementor-button-link elementor-size-sm\" href=\"https:\/\/clinica-urologie.ro\/wp-content\/uploads\/2024\/04\/BJUI-INTERNATIONAL-ARTICLE.pdf\">\n\t\t\t\t\t\t<span class=\"elementor-button-content-wrapper\">\n\t\t\t\t\t\t\t\t\t<span class=\"elementor-button-text\">CITESTE<\/span>\n\t\t\t\t\t<\/span>\n\t\t\t\t\t<\/a>\n\t\t\t\t<\/div>\n\t\t\t\t\t\t\t\t<\/div>\n\t\t\t\t<\/div>\n\t\t\t\t<\/div>\n\t\t<div class=\"elementor-element elementor-element-89f6b30 e-con-full e-flex e-con e-child\" data-id=\"89f6b30\" data-element_type=\"container\">\n\t\t\t\t<div class=\"elementor-element elementor-element-bdeb889 elementor-widget elementor-widget-image\" data-id=\"bdeb889\" data-element_type=\"widget\" data-widget_type=\"image.default\">\n\t\t\t\t<div class=\"elementor-widget-container\">\n\t\t\t\t\t\t\t\t\t\t\t\t\t\t\t<img loading=\"lazy\" decoding=\"async\" width=\"800\" height=\"800\" src=\"https:\/\/clinica-urologie.ro\/wp-content\/uploads\/2024\/04\/ARTICOL-4.jpg\" class=\"attachment-large size-large wp-image-2201\" alt=\"\" srcset=\"https:\/\/clinica-urologie.ro\/wp-content\/uploads\/2024\/04\/ARTICOL-4.jpg 800w, https:\/\/clinica-urologie.ro\/wp-content\/uploads\/2024\/04\/ARTICOL-4-300x300.jpg 300w, https:\/\/clinica-urologie.ro\/wp-content\/uploads\/2024\/04\/ARTICOL-4-150x150.jpg 150w, https:\/\/clinica-urologie.ro\/wp-content\/uploads\/2024\/04\/ARTICOL-4-768x768.jpg 768w, https:\/\/clinica-urologie.ro\/wp-content\/uploads\/2024\/04\/ARTICOL-4-600x600.jpg 600w, https:\/\/clinica-urologie.ro\/wp-content\/uploads\/2024\/04\/ARTICOL-4-100x100.jpg 100w\" sizes=\"(max-width: 800px) 100vw, 800px\" \/>\t\t\t\t\t\t\t\t\t\t\t\t\t\t\t<\/div>\n\t\t\t\t<\/div>\n\t\t\t\t<div class=\"elementor-element elementor-element-08e071e elementor-align-justify elementor-widget elementor-widget-button\" data-id=\"08e071e\" data-element_type=\"widget\" data-widget_type=\"button.default\">\n\t\t\t\t<div class=\"elementor-widget-container\">\n\t\t\t\t\t\t\t\t\t<div class=\"elementor-button-wrapper\">\n\t\t\t\t\t<a class=\"elementor-button elementor-button-link elementor-size-sm\" href=\"https:\/\/clinica-urologie.ro\/wp-content\/uploads\/2024\/04\/MENS-HEALTH-ARTICLE.pdf\">\n\t\t\t\t\t\t<span class=\"elementor-button-content-wrapper\">\n\t\t\t\t\t\t\t\t\t<span class=\"elementor-button-text\">CITESTE<\/span>\n\t\t\t\t\t<\/span>\n\t\t\t\t\t<\/a>\n\t\t\t\t<\/div>\n\t\t\t\t\t\t\t\t<\/div>\n\t\t\t\t<\/div>\n\t\t\t\t<\/div>\n\t\t<div class=\"elementor-element elementor-element-31ba797 e-con-full e-flex e-con e-child\" data-id=\"31ba797\" data-element_type=\"container\">\n\t\t\t\t<div class=\"elementor-element elementor-element-92b8332 elementor-widget elementor-widget-image\" data-id=\"92b8332\" data-element_type=\"widget\" data-widget_type=\"image.default\">\n\t\t\t\t<div class=\"elementor-widget-container\">\n\t\t\t\t\t\t\t\t\t\t\t\t\t\t\t<img loading=\"lazy\" decoding=\"async\" width=\"800\" height=\"800\" src=\"https:\/\/clinica-urologie.ro\/wp-content\/uploads\/2024\/04\/ARTICOL-5.jpg\" class=\"attachment-large size-large wp-image-2206\" alt=\"European-Assosiation-of-Urology-ARTICLE\" srcset=\"https:\/\/clinica-urologie.ro\/wp-content\/uploads\/2024\/04\/ARTICOL-5.jpg 800w, https:\/\/clinica-urologie.ro\/wp-content\/uploads\/2024\/04\/ARTICOL-5-300x300.jpg 300w, https:\/\/clinica-urologie.ro\/wp-content\/uploads\/2024\/04\/ARTICOL-5-150x150.jpg 150w, https:\/\/clinica-urologie.ro\/wp-content\/uploads\/2024\/04\/ARTICOL-5-768x768.jpg 768w, https:\/\/clinica-urologie.ro\/wp-content\/uploads\/2024\/04\/ARTICOL-5-600x600.jpg 600w, https:\/\/clinica-urologie.ro\/wp-content\/uploads\/2024\/04\/ARTICOL-5-100x100.jpg 100w\" sizes=\"(max-width: 800px) 100vw, 800px\" \/>\t\t\t\t\t\t\t\t\t\t\t\t\t\t\t<\/div>\n\t\t\t\t<\/div>\n\t\t\t\t<div class=\"elementor-element elementor-element-5b7dd86 elementor-align-justify elementor-widget elementor-widget-button\" data-id=\"5b7dd86\" data-element_type=\"widget\" data-widget_type=\"button.default\">\n\t\t\t\t<div class=\"elementor-widget-container\">\n\t\t\t\t\t\t\t\t\t<div class=\"elementor-button-wrapper\">\n\t\t\t\t\t<a class=\"elementor-button elementor-button-link elementor-size-sm\" href=\"https:\/\/clinica-urologie.ro\/wp-content\/uploads\/2024\/04\/European-Assosiation-of-Urology-ARTICLE.pdf\">\n\t\t\t\t\t\t<span class=\"elementor-button-content-wrapper\">\n\t\t\t\t\t\t\t\t\t<span class=\"elementor-button-text\">CITESTE<\/span>\n\t\t\t\t\t<\/span>\n\t\t\t\t\t<\/a>\n\t\t\t\t<\/div>\n\t\t\t\t\t\t\t\t<\/div>\n\t\t\t\t<\/div>\n\t\t\t\t<\/div>\n\t\t\t\t\t<\/div>\n\t\t\t\t<\/div>\n\t\t<div class=\"elementor-element elementor-element-63bf0c9 e-con-full e-flex e-con e-parent\" data-id=\"63bf0c9\" data-element_type=\"container\" data-settings=\"{&quot;background_background&quot;:&quot;classic&quot;}\">\n\t\t\t\t<\/div>\n\t\t\t\t<section class=\"elementor-section elementor-top-section elementor-element elementor-element-bf0222a elementor-section-content-middle elementor-section-boxed elementor-section-height-default elementor-section-height-default\" data-id=\"bf0222a\" data-element_type=\"section\" data-settings=\"{&quot;background_background&quot;:&quot;classic&quot;}\">\n\t\t\t\t\t\t<div class=\"elementor-container elementor-column-gap-default\">\n\t\t\t\t\t<div class=\"elementor-column elementor-col-100 elementor-top-column elementor-element elementor-element-ff2c8a8\" data-id=\"ff2c8a8\" data-element_type=\"column\">\n\t\t\t<div class=\"elementor-widget-wrap elementor-element-populated\">\n\t\t\t\t\t\t<div class=\"elementor-element elementor-element-5e0fea3 elementor-widget elementor-widget-heading\" data-id=\"5e0fea3\" data-element_type=\"widget\" data-widget_type=\"heading.default\">\n\t\t\t\t<div class=\"elementor-widget-container\">\n\t\t\t\t\t<h2 class=\"elementor-heading-title elementor-size-default\">Regardless of age, ESWT therapy can significantly improve sexual performance, even in the absence of a specific condition.<\/h2>\t\t\t\t<\/div>\n\t\t\t\t<\/div>\n\t\t\t\t<div class=\"elementor-element elementor-element-9774ce6 elementor-align-center elementor-widget elementor-widget-button\" data-id=\"9774ce6\" data-element_type=\"widget\" data-widget_type=\"button.default\">\n\t\t\t\t<div class=\"elementor-widget-container\">\n\t\t\t\t\t\t\t\t\t<div class=\"elementor-button-wrapper\">\n\t\t\t\t\t<a class=\"elementor-button elementor-button-link elementor-size-sm\" href=\"https:\/\/programari.ro-boost.ro\/Appointments\/IndexAppointments\">\n\t\t\t\t\t\t<span class=\"elementor-button-content-wrapper\">\n\t\t\t\t\t\t\t\t\t<span class=\"elementor-button-text\">APPOINTMENT<\/span>\n\t\t\t\t\t<\/span>\n\t\t\t\t\t<\/a>\n\t\t\t\t<\/div>\n\t\t\t\t\t\t\t\t<\/div>\n\t\t\t\t<\/div>\n\t\t\t\t\t<\/div>\n\t\t<\/div>\n\t\t\t\t\t<\/div>\n\t\t<\/section>\n\t\t\t\t<\/div>","protected":false},"excerpt":{"rendered":"<p>CLINICA DE UROLOGIE RO-BOOST Utilizam echipamente medicale de ultima generatie, pentru tratamente eficiente si sigure. RO-BOOST aplic\u0103 o abordare multidisciplinar\u0103 \u00een evaluarea \u0219i tratamentul afec\u021biunilor masculine, integr\u00e2nd speciali\u0219ti din domenii complementare, pentru rezultate terapeutice optime. CONFIDENTIALITATE. SERIOZITATE. PROFESIONALISM. CITESTE CITESTE CITESTE CITESTE CITESTE CITESTE Indiferent de varsta, terapia ESWT poate imbunatati semnificativ performanta sexuala, chiar [&hellip;]<\/p>","protected":false},"author":1,"featured_media":0,"parent":0,"menu_order":0,"comment_status":"closed","ping_status":"closed","template":"","meta":{"site-sidebar-layout":"no-sidebar","site-content-layout":"page-builder","ast-site-content-layout":"full-width-container","site-content-style":"default","site-sidebar-style":"default","ast-global-header-display":"","ast-banner-title-visibility":"","ast-main-header-display":"","ast-hfb-above-header-display":"","ast-hfb-below-header-display":"","ast-hfb-mobile-header-display":"","site-post-title":"disabled","ast-breadcrumbs-content":"","ast-featured-img":"disabled","footer-sml-layout":"","theme-transparent-header-meta":"","adv-header-id-meta":"","stick-header-meta":"","header-above-stick-meta":"","header-main-stick-meta":"","header-below-stick-meta":"","astra-migrate-meta-layouts":"set","ast-page-background-enabled":"default","ast-page-background-meta":{"desktop":{"background-color":"var(--ast-global-color-4)","background-image":"","background-repeat":"repeat","background-position":"center center","background-size":"auto","background-attachment":"scroll","background-type":"","background-media":"","overlay-type":"","overlay-color":"","overlay-opacity":"","overlay-gradient":""},"tablet":{"background-color":"","background-image":"","background-repeat":"repeat","background-position":"center center","background-size":"auto","background-attachment":"scroll","background-type":"","background-media":"","overlay-type":"","overlay-color":"","overlay-opacity":"","overlay-gradient":""},"mobile":{"background-color":"","background-image":"","background-repeat":"repeat","background-position":"center center","background-size":"auto","background-attachment":"scroll","background-type":"","background-media":"","overlay-type":"","overlay-color":"","overlay-opacity":"","overlay-gradient":""}},"ast-content-background-meta":{"desktop":{"background-color":"var(--ast-global-color-5)","background-image":"","background-repeat":"repeat","background-position":"center center","background-size":"auto","background-attachment":"scroll","background-type":"","background-media":"","overlay-type":"","overlay-color":"","overlay-opacity":"","overlay-gradient":""},"tablet":{"background-color":"var(--ast-global-color-5)","background-image":"","background-repeat":"repeat","background-position":"center center","background-size":"auto","background-attachment":"scroll","background-type":"","background-media":"","overlay-type":"","overlay-color":"","overlay-opacity":"","overlay-gradient":""},"mobile":{"background-color":"var(--ast-global-color-5)","background-image":"","background-repeat":"repeat","background-position":"center center","background-size":"auto","background-attachment":"scroll","background-type":"","background-media":"","overlay-type":"","overlay-color":"","overlay-opacity":"","overlay-gradient":""}},"footnotes":""},"class_list":["post-2078","page","type-page","status-publish","hentry"],"_links":{"self":[{"href":"https:\/\/clinica-urologie.ro\/en\/wp-json\/wp\/v2\/pages\/2078","targetHints":{"allow":["GET"]}}],"collection":[{"href":"https:\/\/clinica-urologie.ro\/en\/wp-json\/wp\/v2\/pages"}],"about":[{"href":"https:\/\/clinica-urologie.ro\/en\/wp-json\/wp\/v2\/types\/page"}],"author":[{"embeddable":true,"href":"https:\/\/clinica-urologie.ro\/en\/wp-json\/wp\/v2\/users\/1"}],"replies":[{"embeddable":true,"href":"https:\/\/clinica-urologie.ro\/en\/wp-json\/wp\/v2\/comments?post=2078"}],"version-history":[{"count":76,"href":"https:\/\/clinica-urologie.ro\/en\/wp-json\/wp\/v2\/pages\/2078\/revisions"}],"predecessor-version":[{"id":3435,"href":"https:\/\/clinica-urologie.ro\/en\/wp-json\/wp\/v2\/pages\/2078\/revisions\/3435"}],"wp:attachment":[{"href":"https:\/\/clinica-urologie.ro\/en\/wp-json\/wp\/v2\/media?parent=2078"}],"curies":[{"name":"wp","href":"https:\/\/api.w.org\/{rel}","templated":true}]}}