{"id":2070,"date":"2024-04-28T07:16:19","date_gmt":"2024-04-28T07:16:19","guid":{"rendered":"https:\/\/clinica-urologie.ro\/?page_id=2070"},"modified":"2025-11-21T16:47:06","modified_gmt":"2025-11-21T16:47:06","slug":"galerie","status":"publish","type":"page","link":"https:\/\/clinica-urologie.ro\/en\/galerie\/","title":{"rendered":"Galery"},"content":{"rendered":"<div data-elementor-type=\"wp-page\" data-elementor-id=\"2070\" class=\"elementor elementor-2070\">\n\t\t\t\t\t\t<section class=\"elementor-section elementor-top-section elementor-element elementor-element-e15af15 elementor-section-height-min-height elementor-section-items-top elementor-section-boxed elementor-section-height-default\" data-id=\"e15af15\" data-element_type=\"section\" data-settings=\"{&quot;background_background&quot;:&quot;classic&quot;}\">\n\t\t\t\t\t\t\t<div class=\"elementor-background-overlay\"><\/div>\n\t\t\t\t\t\t\t<div class=\"elementor-container elementor-column-gap-default\">\n\t\t\t\t\t<div class=\"elementor-column elementor-col-100 elementor-top-column elementor-element elementor-element-5bc1567\" data-id=\"5bc1567\" data-element_type=\"column\">\n\t\t\t<div class=\"elementor-widget-wrap elementor-element-populated\">\n\t\t\t\t\t\t<div class=\"elementor-element elementor-element-d2653ed elementor-widget elementor-widget-heading\" data-id=\"d2653ed\" data-element_type=\"widget\" data-widget_type=\"heading.default\">\n\t\t\t\t<div class=\"elementor-widget-container\">\n\t\t\t\t\t<h2 class=\"elementor-heading-title elementor-size-default\">UROLOGY CLINIC<\/h2>\t\t\t\t<\/div>\n\t\t\t\t<\/div>\n\t\t\t\t<div class=\"elementor-element elementor-element-03f2211 elementor-widget elementor-widget-heading\" data-id=\"03f2211\" data-element_type=\"widget\" data-widget_type=\"heading.default\">\n\t\t\t\t<div class=\"elementor-widget-container\">\n\t\t\t\t\t<h1 class=\"elementor-heading-title elementor-size-default\">RO-BOOST<\/h1>\t\t\t\t<\/div>\n\t\t\t\t<\/div>\n\t\t\t\t<div class=\"elementor-element elementor-element-7cca795 elementor-widget elementor-widget-heading\" data-id=\"7cca795\" data-element_type=\"widget\" data-widget_type=\"heading.default\">\n\t\t\t\t<div class=\"elementor-widget-container\">\n\t\t\t\t\t<h2 class=\"elementor-heading-title elementor-size-default\">We use state-of-the-art medical equipment to provide effective and safe treatments.<br> <br>\n\nWe use state-of-the-art medical equipment to ensure safe and effective treatments.\n\n<br> <br>RO-BOOST applies a multidisciplinary approach in the evaluation and treatment of male health conditions, integrating specialists from complementary fields to achieve optimal therapeutic outcomes.\n<\/h2>\t\t\t\t<\/div>\n\t\t\t\t<\/div>\n\t\t\t\t<div class=\"elementor-element elementor-element-2fb818a elementor-align-center elementor-invisible elementor-widget elementor-widget-button\" data-id=\"2fb818a\" data-element_type=\"widget\" data-settings=\"{&quot;_animation&quot;:&quot;fadeInDown&quot;}\" data-widget_type=\"button.default\">\n\t\t\t\t<div class=\"elementor-widget-container\">\n\t\t\t\t\t\t\t\t\t<div class=\"elementor-button-wrapper\">\n\t\t\t\t\t<a class=\"elementor-button elementor-size-sm\" role=\"button\">\n\t\t\t\t\t\t<span class=\"elementor-button-content-wrapper\">\n\t\t\t\t\t\t\t\t\t<span class=\"elementor-button-text\">CONFIDENTIALITY. RELIABILITY. PROFESSIONALISM.<\/span>\n\t\t\t\t\t<\/span>\n\t\t\t\t\t<\/a>\n\t\t\t\t<\/div>\n\t\t\t\t\t\t\t\t<\/div>\n\t\t\t\t<\/div>\n\t\t\t\t\t<\/div>\n\t\t<\/div>\n\t\t\t\t\t<\/div>\n\t\t<\/section>\n\t\t<div class=\"elementor-element elementor-element-ef4bc1a e-flex e-con-boxed e-con e-parent\" data-id=\"ef4bc1a\" data-element_type=\"container\">\n\t\t\t\t\t<div class=\"e-con-inner\">\n\t\t<div class=\"elementor-element elementor-element-6c27298 e-con-full e-flex e-con e-child\" data-id=\"6c27298\" data-element_type=\"container\">\n\t\t\t\t<div class=\"elementor-element elementor-element-69d6b51 elementor-widget elementor-widget-image\" data-id=\"69d6b51\" data-element_type=\"widget\" data-widget_type=\"image.default\">\n\t\t\t\t<div class=\"elementor-widget-container\">\n\t\t\t\t\t\t\t\t\t\t\t\t\t\t\t<img fetchpriority=\"high\" decoding=\"async\" width=\"800\" height=\"800\" src=\"https:\/\/clinica-urologie.ro\/wp-content\/uploads\/2025\/09\/CABINET-DE-CONSULATII-B.jpg\" class=\"attachment-large size-large wp-image-3145\" alt=\"\" srcset=\"https:\/\/clinica-urologie.ro\/wp-content\/uploads\/2025\/09\/CABINET-DE-CONSULATII-B.jpg 800w, https:\/\/clinica-urologie.ro\/wp-content\/uploads\/2025\/09\/CABINET-DE-CONSULATII-B-300x300.jpg 300w, https:\/\/clinica-urologie.ro\/wp-content\/uploads\/2025\/09\/CABINET-DE-CONSULATII-B-150x150.jpg 150w, https:\/\/clinica-urologie.ro\/wp-content\/uploads\/2025\/09\/CABINET-DE-CONSULATII-B-768x768.jpg 768w, https:\/\/clinica-urologie.ro\/wp-content\/uploads\/2025\/09\/CABINET-DE-CONSULATII-B-600x600.jpg 600w, https:\/\/clinica-urologie.ro\/wp-content\/uploads\/2025\/09\/CABINET-DE-CONSULATII-B-100x100.jpg 100w\" sizes=\"(max-width: 800px) 100vw, 800px\" \/>\t\t\t\t\t\t\t\t\t\t\t\t\t\t\t<\/div>\n\t\t\t\t<\/div>\n\t\t\t\t<\/div>\n\t\t<div class=\"elementor-element elementor-element-c31cac8 e-con-full e-flex e-con e-child\" data-id=\"c31cac8\" data-element_type=\"container\">\n\t\t\t\t<div class=\"elementor-element elementor-element-f2cddae elementor-widget elementor-widget-image\" data-id=\"f2cddae\" data-element_type=\"widget\" data-widget_type=\"image.default\">\n\t\t\t\t<div class=\"elementor-widget-container\">\n\t\t\t\t\t\t\t\t\t\t\t\t\t\t\t<img decoding=\"async\" width=\"800\" height=\"800\" src=\"https:\/\/clinica-urologie.ro\/wp-content\/uploads\/2025\/09\/RO-BOOST-D.jpg\" class=\"attachment-large size-large wp-image-3146\" alt=\"\" srcset=\"https:\/\/clinica-urologie.ro\/wp-content\/uploads\/2025\/09\/RO-BOOST-D.jpg 800w, https:\/\/clinica-urologie.ro\/wp-content\/uploads\/2025\/09\/RO-BOOST-D-300x300.jpg 300w, https:\/\/clinica-urologie.ro\/wp-content\/uploads\/2025\/09\/RO-BOOST-D-150x150.jpg 150w, https:\/\/clinica-urologie.ro\/wp-content\/uploads\/2025\/09\/RO-BOOST-D-768x768.jpg 768w, https:\/\/clinica-urologie.ro\/wp-content\/uploads\/2025\/09\/RO-BOOST-D-600x600.jpg 600w, https:\/\/clinica-urologie.ro\/wp-content\/uploads\/2025\/09\/RO-BOOST-D-100x100.jpg 100w\" sizes=\"(max-width: 800px) 100vw, 800px\" \/>\t\t\t\t\t\t\t\t\t\t\t\t\t\t\t<\/div>\n\t\t\t\t<\/div>\n\t\t\t\t<\/div>\n\t\t<div class=\"elementor-element elementor-element-05302f5 e-con-full e-flex e-con e-child\" data-id=\"05302f5\" data-element_type=\"container\">\n\t\t\t\t<div class=\"elementor-element elementor-element-b907db3 elementor-widget elementor-widget-image\" data-id=\"b907db3\" data-element_type=\"widget\" data-widget_type=\"image.default\">\n\t\t\t\t<div class=\"elementor-widget-container\">\n\t\t\t\t\t\t\t\t\t\t\t\t\t\t\t<img decoding=\"async\" width=\"800\" height=\"800\" src=\"https:\/\/clinica-urologie.ro\/wp-content\/uploads\/2025\/09\/RO-BOOST-3.jpg\" class=\"attachment-large size-large wp-image-3147\" alt=\"\" srcset=\"https:\/\/clinica-urologie.ro\/wp-content\/uploads\/2025\/09\/RO-BOOST-3.jpg 800w, https:\/\/clinica-urologie.ro\/wp-content\/uploads\/2025\/09\/RO-BOOST-3-300x300.jpg 300w, https:\/\/clinica-urologie.ro\/wp-content\/uploads\/2025\/09\/RO-BOOST-3-150x150.jpg 150w, https:\/\/clinica-urologie.ro\/wp-content\/uploads\/2025\/09\/RO-BOOST-3-768x768.jpg 768w, https:\/\/clinica-urologie.ro\/wp-content\/uploads\/2025\/09\/RO-BOOST-3-600x600.jpg 600w, https:\/\/clinica-urologie.ro\/wp-content\/uploads\/2025\/09\/RO-BOOST-3-100x100.jpg 100w\" sizes=\"(max-width: 800px) 100vw, 800px\" \/>\t\t\t\t\t\t\t\t\t\t\t\t\t\t\t<\/div>\n\t\t\t\t<\/div>\n\t\t\t\t<\/div>\n\t\t<div class=\"elementor-element elementor-element-5367ed2 e-con-full e-flex e-con e-child\" data-id=\"5367ed2\" data-element_type=\"container\">\n\t\t\t\t<div class=\"elementor-element elementor-element-8434520 elementor-widget elementor-widget-image\" data-id=\"8434520\" data-element_type=\"widget\" data-widget_type=\"image.default\">\n\t\t\t\t<div class=\"elementor-widget-container\">\n\t\t\t\t\t\t\t\t\t\t\t\t\t\t\t<img loading=\"lazy\" decoding=\"async\" width=\"800\" height=\"800\" src=\"https:\/\/clinica-urologie.ro\/wp-content\/uploads\/2025\/09\/CABINET-DE-CONSULTATII.jpg\" class=\"attachment-large size-large wp-image-3148\" alt=\"\" srcset=\"https:\/\/clinica-urologie.ro\/wp-content\/uploads\/2025\/09\/CABINET-DE-CONSULTATII.jpg 800w, https:\/\/clinica-urologie.ro\/wp-content\/uploads\/2025\/09\/CABINET-DE-CONSULTATII-300x300.jpg 300w, https:\/\/clinica-urologie.ro\/wp-content\/uploads\/2025\/09\/CABINET-DE-CONSULTATII-150x150.jpg 150w, https:\/\/clinica-urologie.ro\/wp-content\/uploads\/2025\/09\/CABINET-DE-CONSULTATII-768x768.jpg 768w, https:\/\/clinica-urologie.ro\/wp-content\/uploads\/2025\/09\/CABINET-DE-CONSULTATII-600x600.jpg 600w, https:\/\/clinica-urologie.ro\/wp-content\/uploads\/2025\/09\/CABINET-DE-CONSULTATII-100x100.jpg 100w\" sizes=\"(max-width: 800px) 100vw, 800px\" \/>\t\t\t\t\t\t\t\t\t\t\t\t\t\t\t<\/div>\n\t\t\t\t<\/div>\n\t\t\t\t<\/div>\n\t\t<div class=\"elementor-element elementor-element-1bd6b49 e-con-full e-flex e-con e-child\" data-id=\"1bd6b49\" data-element_type=\"container\">\n\t\t\t\t<div class=\"elementor-element elementor-element-a9b8a9e elementor-widget elementor-widget-image\" data-id=\"a9b8a9e\" data-element_type=\"widget\" data-widget_type=\"image.default\">\n\t\t\t\t<div class=\"elementor-widget-container\">\n\t\t\t\t\t\t\t\t\t\t\t\t\t\t\t<img loading=\"lazy\" decoding=\"async\" width=\"800\" height=\"800\" src=\"https:\/\/clinica-urologie.ro\/wp-content\/uploads\/2025\/09\/RO-BOOST-B.jpg\" class=\"attachment-large size-large wp-image-3149\" alt=\"\" srcset=\"https:\/\/clinica-urologie.ro\/wp-content\/uploads\/2025\/09\/RO-BOOST-B.jpg 800w, https:\/\/clinica-urologie.ro\/wp-content\/uploads\/2025\/09\/RO-BOOST-B-300x300.jpg 300w, https:\/\/clinica-urologie.ro\/wp-content\/uploads\/2025\/09\/RO-BOOST-B-150x150.jpg 150w, https:\/\/clinica-urologie.ro\/wp-content\/uploads\/2025\/09\/RO-BOOST-B-768x768.jpg 768w, https:\/\/clinica-urologie.ro\/wp-content\/uploads\/2025\/09\/RO-BOOST-B-600x600.jpg 600w, https:\/\/clinica-urologie.ro\/wp-content\/uploads\/2025\/09\/RO-BOOST-B-100x100.jpg 100w\" sizes=\"(max-width: 800px) 100vw, 800px\" \/>\t\t\t\t\t\t\t\t\t\t\t\t\t\t\t<\/div>\n\t\t\t\t<\/div>\n\t\t\t\t<\/div>\n\t\t<div class=\"elementor-element elementor-element-14e800b e-con-full e-flex e-con e-child\" data-id=\"14e800b\" data-element_type=\"container\">\n\t\t\t\t<div class=\"elementor-element elementor-element-6bcf50b elementor-widget elementor-widget-image\" data-id=\"6bcf50b\" data-element_type=\"widget\" data-widget_type=\"image.default\">\n\t\t\t\t<div class=\"elementor-widget-container\">\n\t\t\t\t\t\t\t\t\t\t\t\t\t\t\t<img loading=\"lazy\" decoding=\"async\" width=\"800\" height=\"800\" src=\"https:\/\/clinica-urologie.ro\/wp-content\/uploads\/2025\/09\/IMAGIENE-A.jpg\" class=\"attachment-large size-large wp-image-3150\" alt=\"\" srcset=\"https:\/\/clinica-urologie.ro\/wp-content\/uploads\/2025\/09\/IMAGIENE-A.jpg 800w, https:\/\/clinica-urologie.ro\/wp-content\/uploads\/2025\/09\/IMAGIENE-A-300x300.jpg 300w, https:\/\/clinica-urologie.ro\/wp-content\/uploads\/2025\/09\/IMAGIENE-A-150x150.jpg 150w, https:\/\/clinica-urologie.ro\/wp-content\/uploads\/2025\/09\/IMAGIENE-A-768x768.jpg 768w, https:\/\/clinica-urologie.ro\/wp-content\/uploads\/2025\/09\/IMAGIENE-A-600x600.jpg 600w, https:\/\/clinica-urologie.ro\/wp-content\/uploads\/2025\/09\/IMAGIENE-A-100x100.jpg 100w\" sizes=\"(max-width: 800px) 100vw, 800px\" \/>\t\t\t\t\t\t\t\t\t\t\t\t\t\t\t<\/div>\n\t\t\t\t<\/div>\n\t\t\t\t<\/div>\n\t\t\t\t\t<\/div>\n\t\t\t\t<\/div>\n\t\t\t\t<section class=\"elementor-section elementor-top-section elementor-element elementor-element-bf0222a elementor-section-content-middle elementor-section-boxed elementor-section-height-default elementor-section-height-default\" data-id=\"bf0222a\" data-element_type=\"section\" data-settings=\"{&quot;background_background&quot;:&quot;classic&quot;}\">\n\t\t\t\t\t\t<div class=\"elementor-container elementor-column-gap-default\">\n\t\t\t\t\t<div class=\"elementor-column elementor-col-100 elementor-top-column elementor-element elementor-element-ff2c8a8\" data-id=\"ff2c8a8\" data-element_type=\"column\">\n\t\t\t<div class=\"elementor-widget-wrap elementor-element-populated\">\n\t\t\t\t\t\t<div class=\"elementor-element elementor-element-5e0fea3 elementor-widget elementor-widget-heading\" data-id=\"5e0fea3\" data-element_type=\"widget\" data-widget_type=\"heading.default\">\n\t\t\t\t<div class=\"elementor-widget-container\">\n\t\t\t\t\t<h2 class=\"elementor-heading-title elementor-size-default\">Regardless of age, ESWT therapy can significantly improve sexual performance, even in the absence of a specific condition.<\/h2>\t\t\t\t<\/div>\n\t\t\t\t<\/div>\n\t\t\t\t<div class=\"elementor-element elementor-element-9774ce6 elementor-align-center elementor-widget elementor-widget-button\" data-id=\"9774ce6\" data-element_type=\"widget\" data-widget_type=\"button.default\">\n\t\t\t\t<div class=\"elementor-widget-container\">\n\t\t\t\t\t\t\t\t\t<div class=\"elementor-button-wrapper\">\n\t\t\t\t\t<a class=\"elementor-button elementor-button-link elementor-size-sm\" href=\"https:\/\/programari.ro-boost.ro\/Appointments\/IndexAppointments\">\n\t\t\t\t\t\t<span class=\"elementor-button-content-wrapper\">\n\t\t\t\t\t\t\t\t\t<span class=\"elementor-button-text\">APPOINTMENT<\/span>\n\t\t\t\t\t<\/span>\n\t\t\t\t\t<\/a>\n\t\t\t\t<\/div>\n\t\t\t\t\t\t\t\t<\/div>\n\t\t\t\t<\/div>\n\t\t\t\t\t<\/div>\n\t\t<\/div>\n\t\t\t\t\t<\/div>\n\t\t<\/section>\n\t\t\t\t<\/div>","protected":false},"excerpt":{"rendered":"<p>CLINICA DE UROLOGIE RO-BOOST Utilizam echipamente medicale de ultima generatie, pentru tratamente eficiente si sigure. RO-BOOST aplic\u0103 o abordare multidisciplinar\u0103 \u00een evaluarea \u0219i tratamentul afec\u021biunilor masculine, integr\u00e2nd speciali\u0219ti din domenii complementare, pentru rezultate terapeutice optime. CONFIDENTIALITATE. SERIOZITATE. PROFESIONALISM. Indiferent de varsta, terapia ESWT poate imbunatati semnificativ performanta sexuala, chiar si in absenta unei afectiuni specifice. [&hellip;]<\/p>","protected":false},"author":1,"featured_media":0,"parent":0,"menu_order":0,"comment_status":"closed","ping_status":"closed","template":"","meta":{"site-sidebar-layout":"no-sidebar","site-content-layout":"page-builder","ast-site-content-layout":"full-width-container","site-content-style":"default","site-sidebar-style":"default","ast-global-header-display":"","ast-banner-title-visibility":"","ast-main-header-display":"","ast-hfb-above-header-display":"","ast-hfb-below-header-display":"","ast-hfb-mobile-header-display":"","site-post-title":"disabled","ast-breadcrumbs-content":"","ast-featured-img":"disabled","footer-sml-layout":"","theme-transparent-header-meta":"","adv-header-id-meta":"","stick-header-meta":"","header-above-stick-meta":"","header-main-stick-meta":"","header-below-stick-meta":"","astra-migrate-meta-layouts":"set","ast-page-background-enabled":"default","ast-page-background-meta":{"desktop":{"background-color":"var(--ast-global-color-4)","background-image":"","background-repeat":"repeat","background-position":"center center","background-size":"auto","background-attachment":"scroll","background-type":"","background-media":"","overlay-type":"","overlay-color":"","overlay-opacity":"","overlay-gradient":""},"tablet":{"background-color":"","background-image":"","background-repeat":"repeat","background-position":"center center","background-size":"auto","background-attachment":"scroll","background-type":"","background-media":"","overlay-type":"","overlay-color":"","overlay-opacity":"","overlay-gradient":""},"mobile":{"background-color":"","background-image":"","background-repeat":"repeat","background-position":"center center","background-size":"auto","background-attachment":"scroll","background-type":"","background-media":"","overlay-type":"","overlay-color":"","overlay-opacity":"","overlay-gradient":""}},"ast-content-background-meta":{"desktop":{"background-color":"var(--ast-global-color-5)","background-image":"","background-repeat":"repeat","background-position":"center center","background-size":"auto","background-attachment":"scroll","background-type":"","background-media":"","overlay-type":"","overlay-color":"","overlay-opacity":"","overlay-gradient":""},"tablet":{"background-color":"var(--ast-global-color-5)","background-image":"","background-repeat":"repeat","background-position":"center center","background-size":"auto","background-attachment":"scroll","background-type":"","background-media":"","overlay-type":"","overlay-color":"","overlay-opacity":"","overlay-gradient":""},"mobile":{"background-color":"var(--ast-global-color-5)","background-image":"","background-repeat":"repeat","background-position":"center center","background-size":"auto","background-attachment":"scroll","background-type":"","background-media":"","overlay-type":"","overlay-color":"","overlay-opacity":"","overlay-gradient":""}},"footnotes":""},"class_list":["post-2070","page","type-page","status-publish","hentry"],"_links":{"self":[{"href":"https:\/\/clinica-urologie.ro\/en\/wp-json\/wp\/v2\/pages\/2070","targetHints":{"allow":["GET"]}}],"collection":[{"href":"https:\/\/clinica-urologie.ro\/en\/wp-json\/wp\/v2\/pages"}],"about":[{"href":"https:\/\/clinica-urologie.ro\/en\/wp-json\/wp\/v2\/types\/page"}],"author":[{"embeddable":true,"href":"https:\/\/clinica-urologie.ro\/en\/wp-json\/wp\/v2\/users\/1"}],"replies":[{"embeddable":true,"href":"https:\/\/clinica-urologie.ro\/en\/wp-json\/wp\/v2\/comments?post=2070"}],"version-history":[{"count":25,"href":"https:\/\/clinica-urologie.ro\/en\/wp-json\/wp\/v2\/pages\/2070\/revisions"}],"predecessor-version":[{"id":3402,"href":"https:\/\/clinica-urologie.ro\/en\/wp-json\/wp\/v2\/pages\/2070\/revisions\/3402"}],"wp:attachment":[{"href":"https:\/\/clinica-urologie.ro\/en\/wp-json\/wp\/v2\/media?parent=2070"}],"curies":[{"name":"wp","href":"https:\/\/api.w.org\/{rel}","templated":true}]}}