{"id":2064,"date":"2024-04-28T07:14:58","date_gmt":"2024-04-28T07:14:58","guid":{"rendered":"https:\/\/clinica-urologie.ro\/?page_id=2064"},"modified":"2025-11-21T16:42:52","modified_gmt":"2025-11-21T16:42:52","slug":"clinica-ro-boost","status":"publish","type":"page","link":"https:\/\/clinica-urologie.ro\/en\/clinica-ro-boost\/","title":{"rendered":"RO-BOOST Clinic"},"content":{"rendered":"<div data-elementor-type=\"wp-page\" data-elementor-id=\"2064\" class=\"elementor elementor-2064\">\n\t\t\t\t\t\t<section class=\"elementor-section elementor-top-section elementor-element elementor-element-7574cab elementor-section-height-min-height elementor-section-items-top elementor-section-boxed elementor-section-height-default\" data-id=\"7574cab\" data-element_type=\"section\" data-settings=\"{&quot;background_background&quot;:&quot;classic&quot;}\">\n\t\t\t\t\t\t\t<div class=\"elementor-background-overlay\"><\/div>\n\t\t\t\t\t\t\t<div class=\"elementor-container elementor-column-gap-default\">\n\t\t\t\t\t<div class=\"elementor-column elementor-col-100 elementor-top-column elementor-element elementor-element-1634caa\" data-id=\"1634caa\" data-element_type=\"column\">\n\t\t\t<div class=\"elementor-widget-wrap elementor-element-populated\">\n\t\t\t\t\t\t<div class=\"elementor-element elementor-element-f1e5dd2 elementor-widget elementor-widget-heading\" data-id=\"f1e5dd2\" data-element_type=\"widget\" data-widget_type=\"heading.default\">\n\t\t\t\t<div class=\"elementor-widget-container\">\n\t\t\t\t\t<h2 class=\"elementor-heading-title elementor-size-default\">UROLOGY CLINIC<\/h2>\t\t\t\t<\/div>\n\t\t\t\t<\/div>\n\t\t\t\t<div class=\"elementor-element elementor-element-13133fe elementor-widget elementor-widget-heading\" data-id=\"13133fe\" data-element_type=\"widget\" data-widget_type=\"heading.default\">\n\t\t\t\t<div class=\"elementor-widget-container\">\n\t\t\t\t\t<h1 class=\"elementor-heading-title elementor-size-default\">RO-BOOST<\/h1>\t\t\t\t<\/div>\n\t\t\t\t<\/div>\n\t\t\t\t<div class=\"elementor-element elementor-element-3e9eefb elementor-widget elementor-widget-heading\" data-id=\"3e9eefb\" data-element_type=\"widget\" data-widget_type=\"heading.default\">\n\t\t\t\t<div class=\"elementor-widget-container\">\n\t\t\t\t\t<h2 class=\"elementor-heading-title elementor-size-default\">We use state-of-the-art medical equipment to provide effective and safe treatments.<br> <br>\n\nWe use state-of-the-art medical equipment to ensure safe and effective treatments.\n\n<br> <br>RO-BOOST applies a multidisciplinary approach in the evaluation and treatment of male health conditions, integrating specialists from complementary fields to achieve optimal therapeutic outcomes.<\/h2>\t\t\t\t<\/div>\n\t\t\t\t<\/div>\n\t\t\t\t<div class=\"elementor-element elementor-element-47bddad elementor-align-center elementor-invisible elementor-widget elementor-widget-button\" data-id=\"47bddad\" data-element_type=\"widget\" data-settings=\"{&quot;_animation&quot;:&quot;fadeInDown&quot;}\" data-widget_type=\"button.default\">\n\t\t\t\t<div class=\"elementor-widget-container\">\n\t\t\t\t\t\t\t\t\t<div class=\"elementor-button-wrapper\">\n\t\t\t\t\t<a class=\"elementor-button elementor-size-sm\" role=\"button\">\n\t\t\t\t\t\t<span class=\"elementor-button-content-wrapper\">\n\t\t\t\t\t\t\t\t\t<span class=\"elementor-button-text\">CONFIDENTIALITY. RELIABILITY. PROFESSIONALISM.<\/span>\n\t\t\t\t\t<\/span>\n\t\t\t\t\t<\/a>\n\t\t\t\t<\/div>\n\t\t\t\t\t\t\t\t<\/div>\n\t\t\t\t<\/div>\n\t\t\t\t\t<\/div>\n\t\t<\/div>\n\t\t\t\t\t<\/div>\n\t\t<\/section>\n\t\t<div class=\"elementor-element elementor-element-2e942dc e-flex e-con-boxed e-con e-parent\" data-id=\"2e942dc\" data-element_type=\"container\" data-settings=\"{&quot;background_background&quot;:&quot;classic&quot;}\">\n\t\t\t\t\t<div class=\"e-con-inner\">\n\t\t\t\t<div class=\"elementor-element elementor-element-e88153b elementor-widget elementor-widget-heading\" data-id=\"e88153b\" data-element_type=\"widget\" data-widget_type=\"heading.default\">\n\t\t\t\t<div class=\"elementor-widget-container\">\n\t\t\t\t\t<h2 class=\"elementor-heading-title elementor-size-default\">OUR MISSION<\/h2>\t\t\t\t<\/div>\n\t\t\t\t<\/div>\n\t\t\t\t<div class=\"elementor-element elementor-element-4433f10 elementor-widget elementor-widget-text-editor\" data-id=\"4433f10\" data-element_type=\"widget\" data-widget_type=\"text-editor.default\">\n\t\t\t\t<div class=\"elementor-widget-container\">\n\t\t\t\t\t\t\t\t\t<p class=\"p1 translation-block\"><span class=\"s1\">Male patients visit our clinic to access solutions for specific problems such as erectile dysfunction (ED), low libido, premature ejaculation, unpleasant urinary issues caused by chronic prostatitis, and Peyronie\u2019s disease. In some cases, a personalized medical approach is recommended. We therefore provide targeted treatments for all the conditions listed above, including state-of-the-art low-intensity shock wave therapy, also known as ESWT (electromagnetic shock wave therapy). <\/span><span class=\"s1\">During the initial consultation, you will be recommended the most effective treatment plan, as well as a personalized management plan.<\/span><\/p>\t\t\t\t\t\t\t\t<\/div>\n\t\t\t\t<\/div>\n\t\t\t\t\t<\/div>\n\t\t\t\t<\/div>\n\t\t<div class=\"elementor-element elementor-element-0e3e99a e-con-full e-flex e-con e-parent\" data-id=\"0e3e99a\" data-element_type=\"container\">\n\t\t<div class=\"elementor-element elementor-element-9a62b4f e-con-full e-flex e-con e-child\" data-id=\"9a62b4f\" data-element_type=\"container\">\n\t\t<div class=\"elementor-element elementor-element-f66f9e7 e-con-full e-flex e-con e-child\" data-id=\"f66f9e7\" data-element_type=\"container\">\n\t\t\t\t<div class=\"elementor-element elementor-element-315b8e0 elementor-widget elementor-widget-heading\" data-id=\"315b8e0\" data-element_type=\"widget\" data-widget_type=\"heading.default\">\n\t\t\t\t<div class=\"elementor-widget-container\">\n\t\t\t\t\t<h2 class=\"elementor-heading-title elementor-size-default\">CLINICA RO-BOOST<\/h2>\t\t\t\t<\/div>\n\t\t\t\t<\/div>\n\t\t\t\t<div class=\"elementor-element elementor-element-a67d1c2 elementor-widget-mobile__width-initial elementor-widget elementor-widget-heading\" data-id=\"a67d1c2\" data-element_type=\"widget\" data-widget_type=\"heading.default\">\n\t\t\t\t<div class=\"elementor-widget-container\">\n\t\t\t\t\t<h2 class=\"elementor-heading-title elementor-size-default\">CONFIDENTIALITY. RELIABILITY. PROFESSIONALISM.<\/h2>\t\t\t\t<\/div>\n\t\t\t\t<\/div>\n\t\t<div class=\"elementor-element elementor-element-fad2719 e-con-full e-flex e-con e-child\" data-id=\"fad2719\" data-element_type=\"container\">\n\t\t\t\t<div class=\"elementor-element elementor-element-8760493 elementor-widget-divider--view-line elementor-widget elementor-widget-divider\" data-id=\"8760493\" data-element_type=\"widget\" data-widget_type=\"divider.default\">\n\t\t\t\t<div class=\"elementor-widget-container\">\n\t\t\t\t\t\t\t<div class=\"elementor-divider\">\n\t\t\t<span class=\"elementor-divider-separator\">\n\t\t\t\t\t\t<\/span>\n\t\t<\/div>\n\t\t\t\t\t\t<\/div>\n\t\t\t\t<\/div>\n\t\t\t\t<div class=\"elementor-element elementor-element-6e3d0e1 elementor-widget elementor-widget-text-editor\" data-id=\"6e3d0e1\" data-element_type=\"widget\" data-widget_type=\"text-editor.default\">\n\t\t\t\t<div class=\"elementor-widget-container\">\n\t\t\t\t\t\t\t\t\t<p class=\"translation-block\">We offer our patients holistic therapy characterized by a multidimensional approach to sexual health care. Our offer is unique, combining the latest diagnostic methods, cutting-edge medical procedures, and sexual counseling for your sexual health and overall intimate well-being.<br><br>At RO<strong>BOOST<\/strong> Clinic, we take extra measures to ensure client confidentiality. Your medical records are stored electronically and remain strictly confidential, accessible only to you and the clinic staff. You can visit our clinic regardless of age or gender.<\/p><p class=\"translation-block\"><strong>Safe, confidential, and unhurried consultations in a dedicated medical setting<\/strong>.<br><br>No referral needed!<\/p>\t\t\t\t\t\t\t\t<\/div>\n\t\t\t\t<\/div>\n\t\t\t\t<\/div>\n\t\t\t\t<\/div>\n\t\t\t\t<div class=\"elementor-element elementor-element-d6c03aa elementor-widget elementor-widget-image\" data-id=\"d6c03aa\" data-element_type=\"widget\" data-widget_type=\"image.default\">\n\t\t\t\t<div class=\"elementor-widget-container\">\n\t\t\t\t\t\t\t\t\t\t\t\t\t\t\t<img fetchpriority=\"high\" decoding=\"async\" width=\"1080\" height=\"1080\" src=\"https:\/\/clinica-urologie.ro\/wp-content\/uploads\/2024\/04\/CLINICA-ROBOOST-33.jpg\" class=\"attachment-full size-full wp-image-2270\" alt=\"CLINICA ROBOOST\" srcset=\"https:\/\/clinica-urologie.ro\/wp-content\/uploads\/2024\/04\/CLINICA-ROBOOST-33.jpg 1080w, https:\/\/clinica-urologie.ro\/wp-content\/uploads\/2024\/04\/CLINICA-ROBOOST-33-300x300.jpg 300w, https:\/\/clinica-urologie.ro\/wp-content\/uploads\/2024\/04\/CLINICA-ROBOOST-33-1024x1024.jpg 1024w, https:\/\/clinica-urologie.ro\/wp-content\/uploads\/2024\/04\/CLINICA-ROBOOST-33-150x150.jpg 150w, https:\/\/clinica-urologie.ro\/wp-content\/uploads\/2024\/04\/CLINICA-ROBOOST-33-768x768.jpg 768w, https:\/\/clinica-urologie.ro\/wp-content\/uploads\/2024\/04\/CLINICA-ROBOOST-33-600x600.jpg 600w, https:\/\/clinica-urologie.ro\/wp-content\/uploads\/2024\/04\/CLINICA-ROBOOST-33-100x100.jpg 100w\" sizes=\"(max-width: 1080px) 100vw, 1080px\" \/>\t\t\t\t\t\t\t\t\t\t\t\t\t\t\t<\/div>\n\t\t\t\t<\/div>\n\t\t\t\t<\/div>\n\t\t\t\t<\/div>\n\t\t\t\t<section class=\"elementor-section elementor-top-section elementor-element elementor-element-bf0222a elementor-section-content-middle elementor-section-boxed elementor-section-height-default elementor-section-height-default\" data-id=\"bf0222a\" data-element_type=\"section\" data-settings=\"{&quot;background_background&quot;:&quot;classic&quot;}\">\n\t\t\t\t\t\t<div class=\"elementor-container elementor-column-gap-default\">\n\t\t\t\t\t<div class=\"elementor-column elementor-col-100 elementor-top-column elementor-element elementor-element-ff2c8a8\" data-id=\"ff2c8a8\" data-element_type=\"column\">\n\t\t\t<div class=\"elementor-widget-wrap elementor-element-populated\">\n\t\t\t\t\t\t<div class=\"elementor-element elementor-element-5e0fea3 elementor-widget elementor-widget-heading\" data-id=\"5e0fea3\" data-element_type=\"widget\" data-widget_type=\"heading.default\">\n\t\t\t\t<div class=\"elementor-widget-container\">\n\t\t\t\t\t<h2 class=\"elementor-heading-title elementor-size-default\">Regardless of age, ESWT therapy can significantly improve sexual performance, even in the absence of a specific condition.<\/h2>\t\t\t\t<\/div>\n\t\t\t\t<\/div>\n\t\t\t\t<div class=\"elementor-element elementor-element-9774ce6 elementor-align-center elementor-widget elementor-widget-button\" data-id=\"9774ce6\" data-element_type=\"widget\" data-widget_type=\"button.default\">\n\t\t\t\t<div class=\"elementor-widget-container\">\n\t\t\t\t\t\t\t\t\t<div class=\"elementor-button-wrapper\">\n\t\t\t\t\t<a class=\"elementor-button elementor-button-link elementor-size-sm\" href=\"https:\/\/programari.ro-boost.ro\/Appointments\/IndexAppointments\">\n\t\t\t\t\t\t<span class=\"elementor-button-content-wrapper\">\n\t\t\t\t\t\t\t\t\t<span class=\"elementor-button-text\">APPOINTMENT<\/span>\n\t\t\t\t\t<\/span>\n\t\t\t\t\t<\/a>\n\t\t\t\t<\/div>\n\t\t\t\t\t\t\t\t<\/div>\n\t\t\t\t<\/div>\n\t\t\t\t\t<\/div>\n\t\t<\/div>\n\t\t\t\t\t<\/div>\n\t\t<\/section>\n\t\t\t\t<\/div>","protected":false},"excerpt":{"rendered":"<p>CLINICA DE UROLOGIE RO-BOOST Utilizam echipamente medicale de ultima generatie, pentru tratamente eficiente si sigure. RO-BOOST aplic\u0103 o abordare multidisciplinar\u0103 \u00een evaluarea \u0219i tratamentul afec\u021biunilor masculine, integr\u00e2nd speciali\u0219ti din domenii complementare, pentru rezultate terapeutice optime. CONFIDENTIALITATE. SERIOZITATE. PROFESIONALISM. MISIUNEA NOASTRA Pacientii de sex masculin viziteaza clinica noastra in scopul de a accesa solutii pentru probleme [&hellip;]<\/p>","protected":false},"author":1,"featured_media":0,"parent":0,"menu_order":0,"comment_status":"closed","ping_status":"closed","template":"","meta":{"site-sidebar-layout":"no-sidebar","site-content-layout":"page-builder","ast-site-content-layout":"full-width-container","site-content-style":"default","site-sidebar-style":"default","ast-global-header-display":"","ast-banner-title-visibility":"","ast-main-header-display":"","ast-hfb-above-header-display":"","ast-hfb-below-header-display":"","ast-hfb-mobile-header-display":"","site-post-title":"disabled","ast-breadcrumbs-content":"","ast-featured-img":"disabled","footer-sml-layout":"","theme-transparent-header-meta":"","adv-header-id-meta":"","stick-header-meta":"","header-above-stick-meta":"","header-main-stick-meta":"","header-below-stick-meta":"","astra-migrate-meta-layouts":"set","ast-page-background-enabled":"default","ast-page-background-meta":{"desktop":{"background-color":"var(--ast-global-color-4)","background-image":"","background-repeat":"repeat","background-position":"center center","background-size":"auto","background-attachment":"scroll","background-type":"","background-media":"","overlay-type":"","overlay-color":"","overlay-opacity":"","overlay-gradient":""},"tablet":{"background-color":"","background-image":"","background-repeat":"repeat","background-position":"center center","background-size":"auto","background-attachment":"scroll","background-type":"","background-media":"","overlay-type":"","overlay-color":"","overlay-opacity":"","overlay-gradient":""},"mobile":{"background-color":"","background-image":"","background-repeat":"repeat","background-position":"center center","background-size":"auto","background-attachment":"scroll","background-type":"","background-media":"","overlay-type":"","overlay-color":"","overlay-opacity":"","overlay-gradient":""}},"ast-content-background-meta":{"desktop":{"background-color":"var(--ast-global-color-5)","background-image":"","background-repeat":"repeat","background-position":"center center","background-size":"auto","background-attachment":"scroll","background-type":"","background-media":"","overlay-type":"","overlay-color":"","overlay-opacity":"","overlay-gradient":""},"tablet":{"background-color":"var(--ast-global-color-5)","background-image":"","background-repeat":"repeat","background-position":"center center","background-size":"auto","background-attachment":"scroll","background-type":"","background-media":"","overlay-type":"","overlay-color":"","overlay-opacity":"","overlay-gradient":""},"mobile":{"background-color":"var(--ast-global-color-5)","background-image":"","background-repeat":"repeat","background-position":"center center","background-size":"auto","background-attachment":"scroll","background-type":"","background-media":"","overlay-type":"","overlay-color":"","overlay-opacity":"","overlay-gradient":""}},"footnotes":""},"class_list":["post-2064","page","type-page","status-publish","hentry"],"_links":{"self":[{"href":"https:\/\/clinica-urologie.ro\/en\/wp-json\/wp\/v2\/pages\/2064","targetHints":{"allow":["GET"]}}],"collection":[{"href":"https:\/\/clinica-urologie.ro\/en\/wp-json\/wp\/v2\/pages"}],"about":[{"href":"https:\/\/clinica-urologie.ro\/en\/wp-json\/wp\/v2\/types\/page"}],"author":[{"embeddable":true,"href":"https:\/\/clinica-urologie.ro\/en\/wp-json\/wp\/v2\/users\/1"}],"replies":[{"embeddable":true,"href":"https:\/\/clinica-urologie.ro\/en\/wp-json\/wp\/v2\/comments?post=2064"}],"version-history":[{"count":52,"href":"https:\/\/clinica-urologie.ro\/en\/wp-json\/wp\/v2\/pages\/2064\/revisions"}],"predecessor-version":[{"id":3393,"href":"https:\/\/clinica-urologie.ro\/en\/wp-json\/wp\/v2\/pages\/2064\/revisions\/3393"}],"wp:attachment":[{"href":"https:\/\/clinica-urologie.ro\/en\/wp-json\/wp\/v2\/media?parent=2064"}],"curies":[{"name":"wp","href":"https:\/\/api.w.org\/{rel}","templated":true}]}}